{"id":11149,"date":"2020-08-29T20:35:03","date_gmt":"2020-08-29T20:35:03","guid":{"rendered":"https:\/\/www.pipandco.es\/?post_type=product&#038;p=11149"},"modified":"2024-02-08T16:05:26","modified_gmt":"2024-02-08T16:05:26","slug":"mascarilla-estrellas-denin","status":"publish","type":"product","link":"https:\/\/www.pipandco.es\/inicio\/producto\/mascarilla-estrellas-denin","title":{"rendered":"Mascarilla estrellas denin"},"content":{"rendered":"<p><span style=\"font-size: 12pt;\">Composici\u00f3n:<\/span><\/p>\n<p><span style=\"font-size: 12pt;\">\u00a0 \u00a0 \u00a0&#8211; Capa exterior: Tejido normal sin tratamiento ni acabado especial, dependiendo de cada estampado varia la composici\u00f3n.<\/span><\/p>\n<p><span style=\"font-size: 12pt;\">\u00a0 \u00a0 \u00a0&#8211; Capa intermedia: Filtro TNT-SMS (tejido sin tejer gramaje 80).\u00a0 Con certificado de homologaci\u00f3n.<\/span><\/p>\n<p><span style=\"font-size: 12pt;\">\u00a0 \u00a0 \u00a0&#8211; Capa interior: Tejido 100% algod\u00f3n con acabado hidr\u00f3fugo y antibacteriano. Testado y certificado.<\/span><\/p>\n<p><span style=\"font-size: 12pt;\">Se recomienda el cambio de filtro y lavado de mascarilla diario.<\/span><\/p>\n<p><span style=\"font-size: 12pt;\">Importante:<\/span><\/p>\n<p><span style=\"font-size: 12pt;\">Este dispositivo no es un producto sanitario ni un equipo de protecci\u00f3n individual (EPI) seg\u00fan la reglamentaci\u00f3n UE. El uso de esta mascarilla\u00a0 no garantiza en ning\u00fan caso la protecci\u00f3n total contra el contagio, y asimismo no exime de la aplicaci\u00f3n de otras medidas fundamentales como manterer el distanciamiento social, extremar la limpieza de manos (jab\u00f3n e hidrogel alcoh\u00f3lico) hacer un uso correcto de la mascarilla (ver pdf \u00abinstruciones de colocaci\u00f3n\u00bb) y mantenerla en un estado \u00f3ptimo para su utilizaci\u00f3n (ver pdf \u00abinstrucciones de lavado y mantenimiento\u00bb)<\/span><\/p>\n","protected":false},"excerpt":{"rendered":"<p>Mascarilla 3 capas con filtro TNT y forro interior de tejido sanitario tratado con certificado homologado.<\/p>\n","protected":false},"featured_media":10792,"comment_status":"open","ping_status":"closed","template":"","meta":{"_themeisle_gutenberg_block_has_review":false},"product_brand":[],"product_cat":[144],"product_tag":[176,204,175],"giftcard-category":[],"class_list":{"0":"post-11149","1":"product","2":"type-product","3":"status-publish","4":"has-post-thumbnail","6":"product_cat-colecciones-ss19","7":"product_tag-bordado","8":"product_tag-escoces-gris","9":"product_tag-filtros","11":"first","12":"instock","13":"taxable","14":"shipping-taxable","15":"purchasable","16":"product-type-variable"},"_links":{"self":[{"href":"https:\/\/www.pipandco.es\/inicio\/wp-json\/wp\/v2\/product\/11149","targetHints":{"allow":["GET"]}}],"collection":[{"href":"https:\/\/www.pipandco.es\/inicio\/wp-json\/wp\/v2\/product"}],"about":[{"href":"https:\/\/www.pipandco.es\/inicio\/wp-json\/wp\/v2\/types\/product"}],"replies":[{"embeddable":true,"href":"https:\/\/www.pipandco.es\/inicio\/wp-json\/wp\/v2\/comments?post=11149"}],"version-history":[{"count":2,"href":"https:\/\/www.pipandco.es\/inicio\/wp-json\/wp\/v2\/product\/11149\/revisions"}],"predecessor-version":[{"id":12971,"href":"https:\/\/www.pipandco.es\/inicio\/wp-json\/wp\/v2\/product\/11149\/revisions\/12971"}],"wp:featuredmedia":[{"embeddable":true,"href":"https:\/\/www.pipandco.es\/inicio\/wp-json\/wp\/v2\/media\/10792"}],"wp:attachment":[{"href":"https:\/\/www.pipandco.es\/inicio\/wp-json\/wp\/v2\/media?parent=11149"}],"wp:term":[{"taxonomy":"product_brand","embeddable":true,"href":"https:\/\/www.pipandco.es\/inicio\/wp-json\/wp\/v2\/product_brand?post=11149"},{"taxonomy":"product_cat","embeddable":true,"href":"https:\/\/www.pipandco.es\/inicio\/wp-json\/wp\/v2\/product_cat?post=11149"},{"taxonomy":"product_tag","embeddable":true,"href":"https:\/\/www.pipandco.es\/inicio\/wp-json\/wp\/v2\/product_tag?post=11149"},{"taxonomy":"giftcard-category","embeddable":true,"href":"https:\/\/www.pipandco.es\/inicio\/wp-json\/wp\/v2\/giftcard-category?post=11149"}],"curies":[{"name":"wp","href":"https:\/\/api.w.org\/{rel}","templated":true}]}}