{"id":13507,"date":"2021-04-11T16:10:30","date_gmt":"2021-04-11T16:10:30","guid":{"rendered":"https:\/\/www.pipandco.es\/?post_type=product&#038;p=13507"},"modified":"2026-03-19T20:09:15","modified_gmt":"2026-03-19T19:09:15","slug":"polo-negro-2","status":"publish","type":"product","link":"https:\/\/www.pipandco.es\/inicio\/producto\/polo-negro-2","title":{"rendered":"Polo negro"},"content":{"rendered":"","protected":false},"excerpt":{"rendered":"<p>Env\u00edo inmediato.<\/p>\n<p>Polo algod\u00f3n org\u00e1nico color negro con logo bordado en delantero en c\u00e1mel y sin serigraf\u00eda en espalda.<\/p>\n<p>Ideal para coordinar papis y peques. Disponibles en tallas 2-14 a\u00f1os para ni\u00f1os y tallas S,M,L, XL y XXL para adultos.<\/p>\n<p><span style=\"color: #ff0000;\">IMPORTANTE: LOS ARTICULOS DE OUTLET NO ADMITEN CAMBIOS NI DEVOLUCIONES<\/span><\/p>\n","protected":false},"featured_media":14485,"comment_status":"open","ping_status":"closed","template":"","meta":{"_themeisle_gutenberg_block_has_review":false},"product_brand":[],"product_cat":[155,235],"product_tag":[],"giftcard-category":[],"class_list":{"0":"post-13507","1":"product","2":"type-product","3":"status-publish","4":"has-post-thumbnail","6":"product_cat-camisas-polos-y-camisetas","7":"product_cat-polos","8":"product_shipping_class-outlet","10":"first","11":"instock","12":"sale","13":"taxable","14":"shipping-taxable","15":"purchasable","16":"product-type-variable"},"_links":{"self":[{"href":"https:\/\/www.pipandco.es\/inicio\/wp-json\/wp\/v2\/product\/13507","targetHints":{"allow":["GET"]}}],"collection":[{"href":"https:\/\/www.pipandco.es\/inicio\/wp-json\/wp\/v2\/product"}],"about":[{"href":"https:\/\/www.pipandco.es\/inicio\/wp-json\/wp\/v2\/types\/product"}],"replies":[{"embeddable":true,"href":"https:\/\/www.pipandco.es\/inicio\/wp-json\/wp\/v2\/comments?post=13507"}],"version-history":[{"count":4,"href":"https:\/\/www.pipandco.es\/inicio\/wp-json\/wp\/v2\/product\/13507\/revisions"}],"predecessor-version":[{"id":25645,"href":"https:\/\/www.pipandco.es\/inicio\/wp-json\/wp\/v2\/product\/13507\/revisions\/25645"}],"wp:featuredmedia":[{"embeddable":true,"href":"https:\/\/www.pipandco.es\/inicio\/wp-json\/wp\/v2\/media\/14485"}],"wp:attachment":[{"href":"https:\/\/www.pipandco.es\/inicio\/wp-json\/wp\/v2\/media?parent=13507"}],"wp:term":[{"taxonomy":"product_brand","embeddable":true,"href":"https:\/\/www.pipandco.es\/inicio\/wp-json\/wp\/v2\/product_brand?post=13507"},{"taxonomy":"product_cat","embeddable":true,"href":"https:\/\/www.pipandco.es\/inicio\/wp-json\/wp\/v2\/product_cat?post=13507"},{"taxonomy":"product_tag","embeddable":true,"href":"https:\/\/www.pipandco.es\/inicio\/wp-json\/wp\/v2\/product_tag?post=13507"},{"taxonomy":"giftcard-category","embeddable":true,"href":"https:\/\/www.pipandco.es\/inicio\/wp-json\/wp\/v2\/giftcard-category?post=13507"}],"curies":[{"name":"wp","href":"https:\/\/api.w.org\/{rel}","templated":true}]}}