{"id":13975,"date":"2021-04-12T17:22:14","date_gmt":"2021-04-12T17:22:14","guid":{"rendered":"https:\/\/www.pipandco.es\/?post_type=product&#038;p=13975"},"modified":"2025-06-11T08:45:54","modified_gmt":"2025-06-11T07:45:54","slug":"polo-terracota","status":"publish","type":"product","link":"https:\/\/www.pipandco.es\/inicio\/producto\/polo-terracota","title":{"rendered":"Polo terracota"},"content":{"rendered":"","protected":false},"excerpt":{"rendered":"<p>Env\u00edo inmediato.<\/p>\n<p>Polo algod\u00f3n org\u00e1nico color terracota con logo bordado en delantero en beige y serigraf\u00eda en espalda ( tallas adulto sin huella en espalda). Botones de madera en abertura.<\/p>\n<p>Ideal para coordinar papis y peques. Disponibles en tallas 2-14 a\u00f1os para ni\u00f1os y tallas S,M,L, XL y XXL para adultos. Las tallas de adulto no llevan logo en espalda.<\/p>\n<p><span style=\"color: #ff0000;\">IMPORTANTE: LOS ARTICULOS DE OUTLET NO ADMITEN CAMBIOS NI DEVOLUCIONES<\/span><\/p>\n","protected":false},"featured_media":14456,"comment_status":"open","ping_status":"closed","template":"","meta":{"_themeisle_gutenberg_block_has_review":false},"product_brand":[],"product_cat":[155,235],"product_tag":[],"giftcard-category":[],"class_list":{"0":"post-13975","1":"product","2":"type-product","3":"status-publish","4":"has-post-thumbnail","6":"product_cat-camisas-polos-y-camisetas","7":"product_cat-polos","8":"product_shipping_class-outlet","10":"first","11":"instock","12":"sale","13":"taxable","14":"shipping-taxable","15":"purchasable","16":"product-type-variable"},"_links":{"self":[{"href":"https:\/\/www.pipandco.es\/inicio\/wp-json\/wp\/v2\/product\/13975","targetHints":{"allow":["GET"]}}],"collection":[{"href":"https:\/\/www.pipandco.es\/inicio\/wp-json\/wp\/v2\/product"}],"about":[{"href":"https:\/\/www.pipandco.es\/inicio\/wp-json\/wp\/v2\/types\/product"}],"replies":[{"embeddable":true,"href":"https:\/\/www.pipandco.es\/inicio\/wp-json\/wp\/v2\/comments?post=13975"}],"version-history":[{"count":6,"href":"https:\/\/www.pipandco.es\/inicio\/wp-json\/wp\/v2\/product\/13975\/revisions"}],"predecessor-version":[{"id":31024,"href":"https:\/\/www.pipandco.es\/inicio\/wp-json\/wp\/v2\/product\/13975\/revisions\/31024"}],"wp:featuredmedia":[{"embeddable":true,"href":"https:\/\/www.pipandco.es\/inicio\/wp-json\/wp\/v2\/media\/14456"}],"wp:attachment":[{"href":"https:\/\/www.pipandco.es\/inicio\/wp-json\/wp\/v2\/media?parent=13975"}],"wp:term":[{"taxonomy":"product_brand","embeddable":true,"href":"https:\/\/www.pipandco.es\/inicio\/wp-json\/wp\/v2\/product_brand?post=13975"},{"taxonomy":"product_cat","embeddable":true,"href":"https:\/\/www.pipandco.es\/inicio\/wp-json\/wp\/v2\/product_cat?post=13975"},{"taxonomy":"product_tag","embeddable":true,"href":"https:\/\/www.pipandco.es\/inicio\/wp-json\/wp\/v2\/product_tag?post=13975"},{"taxonomy":"giftcard-category","embeddable":true,"href":"https:\/\/www.pipandco.es\/inicio\/wp-json\/wp\/v2\/giftcard-category?post=13975"}],"curies":[{"name":"wp","href":"https:\/\/api.w.org\/{rel}","templated":true}]}}