{"id":14089,"date":"2021-04-12T18:09:38","date_gmt":"2021-04-12T18:09:38","guid":{"rendered":"https:\/\/www.pipandco.es\/?post_type=product&#038;p=14089"},"modified":"2025-04-09T06:45:16","modified_gmt":"2025-04-09T05:45:16","slug":"polo-coral","status":"publish","type":"product","link":"https:\/\/www.pipandco.es\/inicio\/producto\/polo-coral","title":{"rendered":"Polo Coral"},"content":{"rendered":"","protected":false},"excerpt":{"rendered":"<p>Env\u00edo inmediato.<\/p>\n<p>Polo algod\u00f3n org\u00e1nico color coral con logo bordado en delantero a tono y serigraf\u00eda en espalda ( tallas adulto sin huella en espalda). Botones de madera en abertura.<\/p>\n<p>Ideal para coordinar papis y peques. Disponibles en tallas 2-14 a\u00f1os para ni\u00f1os y tallas S,M,L, XL y XXL para adultos. Las tallas de adulto no llevan logo en espalda.<\/p>\n<p><span style=\"color: #ff0000;\">IMPORTANTE: LOS ARTICULOS DE OUTLET NO ADMITEN CAMBIOS NI DEVOLUCIONES<\/span><\/p>\n","protected":false},"featured_media":14854,"comment_status":"open","ping_status":"closed","template":"","meta":{"_themeisle_gutenberg_block_has_review":false},"product_brand":[],"product_cat":[155,235],"product_tag":[],"giftcard-category":[],"class_list":{"0":"post-14089","1":"product","2":"type-product","3":"status-publish","4":"has-post-thumbnail","6":"product_cat-camisas-polos-y-camisetas","7":"product_cat-polos","8":"product_shipping_class-outlet","10":"first","11":"instock","12":"sale","13":"taxable","14":"shipping-taxable","15":"purchasable","16":"product-type-variable"},"_links":{"self":[{"href":"https:\/\/www.pipandco.es\/inicio\/wp-json\/wp\/v2\/product\/14089","targetHints":{"allow":["GET"]}}],"collection":[{"href":"https:\/\/www.pipandco.es\/inicio\/wp-json\/wp\/v2\/product"}],"about":[{"href":"https:\/\/www.pipandco.es\/inicio\/wp-json\/wp\/v2\/types\/product"}],"replies":[{"embeddable":true,"href":"https:\/\/www.pipandco.es\/inicio\/wp-json\/wp\/v2\/comments?post=14089"}],"version-history":[{"count":6,"href":"https:\/\/www.pipandco.es\/inicio\/wp-json\/wp\/v2\/product\/14089\/revisions"}],"predecessor-version":[{"id":25700,"href":"https:\/\/www.pipandco.es\/inicio\/wp-json\/wp\/v2\/product\/14089\/revisions\/25700"}],"wp:featuredmedia":[{"embeddable":true,"href":"https:\/\/www.pipandco.es\/inicio\/wp-json\/wp\/v2\/media\/14854"}],"wp:attachment":[{"href":"https:\/\/www.pipandco.es\/inicio\/wp-json\/wp\/v2\/media?parent=14089"}],"wp:term":[{"taxonomy":"product_brand","embeddable":true,"href":"https:\/\/www.pipandco.es\/inicio\/wp-json\/wp\/v2\/product_brand?post=14089"},{"taxonomy":"product_cat","embeddable":true,"href":"https:\/\/www.pipandco.es\/inicio\/wp-json\/wp\/v2\/product_cat?post=14089"},{"taxonomy":"product_tag","embeddable":true,"href":"https:\/\/www.pipandco.es\/inicio\/wp-json\/wp\/v2\/product_tag?post=14089"},{"taxonomy":"giftcard-category","embeddable":true,"href":"https:\/\/www.pipandco.es\/inicio\/wp-json\/wp\/v2\/giftcard-category?post=14089"}],"curies":[{"name":"wp","href":"https:\/\/api.w.org\/{rel}","templated":true}]}}