{"id":14161,"date":"2021-04-12T18:36:19","date_gmt":"2021-04-12T18:36:19","guid":{"rendered":"https:\/\/www.pipandco.es\/?post_type=product&#038;p=14161"},"modified":"2026-04-17T00:51:17","modified_gmt":"2026-04-16T23:51:17","slug":"polo-amarillo","status":"publish","type":"product","link":"https:\/\/www.pipandco.es\/inicio\/producto\/polo-amarillo","title":{"rendered":"Polo amarillo"},"content":{"rendered":"","protected":false},"excerpt":{"rendered":"<p>Env\u00edo inmediato.<\/p>\n<p>Polo algod\u00f3n org\u00e1nico color amarillo con logo bordado en delantero en verde y serigraf\u00eda en espalda ( tallas adulto sin huella en espalda). Botones de madera en abertura.<\/p>\n<p>Ideal para coordinar papis y peques. Disponibles en tallas 2-14 a\u00f1os para ni\u00f1os y tallas S,M,L, XL y XXL para adultos.<\/p>\n<p><span style=\"color: #ff0000;\">IMPORTANTE: LOS ARTICULOS DE OUTLET NO ADMITEN CAMBIOS NI DEVOLUCIONES<\/span><\/p>\n","protected":false},"featured_media":14436,"comment_status":"open","ping_status":"closed","template":"","meta":{"_themeisle_gutenberg_block_has_review":false},"product_brand":[],"product_cat":[155,235],"product_tag":[],"giftcard-category":[],"class_list":{"0":"post-14161","1":"product","2":"type-product","3":"status-publish","4":"has-post-thumbnail","6":"product_cat-camisas-polos-y-camisetas","7":"product_cat-polos","8":"product_shipping_class-outlet","10":"first","11":"instock","12":"sale","13":"taxable","14":"shipping-taxable","15":"purchasable","16":"product-type-variable"},"_links":{"self":[{"href":"https:\/\/www.pipandco.es\/inicio\/wp-json\/wp\/v2\/product\/14161","targetHints":{"allow":["GET"]}}],"collection":[{"href":"https:\/\/www.pipandco.es\/inicio\/wp-json\/wp\/v2\/product"}],"about":[{"href":"https:\/\/www.pipandco.es\/inicio\/wp-json\/wp\/v2\/types\/product"}],"replies":[{"embeddable":true,"href":"https:\/\/www.pipandco.es\/inicio\/wp-json\/wp\/v2\/comments?post=14161"}],"version-history":[{"count":5,"href":"https:\/\/www.pipandco.es\/inicio\/wp-json\/wp\/v2\/product\/14161\/revisions"}],"predecessor-version":[{"id":19304,"href":"https:\/\/www.pipandco.es\/inicio\/wp-json\/wp\/v2\/product\/14161\/revisions\/19304"}],"wp:featuredmedia":[{"embeddable":true,"href":"https:\/\/www.pipandco.es\/inicio\/wp-json\/wp\/v2\/media\/14436"}],"wp:attachment":[{"href":"https:\/\/www.pipandco.es\/inicio\/wp-json\/wp\/v2\/media?parent=14161"}],"wp:term":[{"taxonomy":"product_brand","embeddable":true,"href":"https:\/\/www.pipandco.es\/inicio\/wp-json\/wp\/v2\/product_brand?post=14161"},{"taxonomy":"product_cat","embeddable":true,"href":"https:\/\/www.pipandco.es\/inicio\/wp-json\/wp\/v2\/product_cat?post=14161"},{"taxonomy":"product_tag","embeddable":true,"href":"https:\/\/www.pipandco.es\/inicio\/wp-json\/wp\/v2\/product_tag?post=14161"},{"taxonomy":"giftcard-category","embeddable":true,"href":"https:\/\/www.pipandco.es\/inicio\/wp-json\/wp\/v2\/giftcard-category?post=14161"}],"curies":[{"name":"wp","href":"https:\/\/api.w.org\/{rel}","templated":true}]}}