{"id":17304,"date":"2025-08-27T21:00:07","date_gmt":"2025-08-27T20:00:07","guid":{"rendered":"https:\/\/www.pipandco.es\/?post_type=product&#038;p=17304"},"modified":"2025-09-03T23:04:21","modified_gmt":"2025-09-03T22:04:21","slug":"vestido-ponciana-4","status":"publish","type":"product","link":"https:\/\/www.pipandco.es\/inicio\/producto\/vestido-ponciana-4","title":{"rendered":"Gabardina Camila (prev. 27 Sept\/2 Oct.)"},"content":{"rendered":"","protected":false},"excerpt":{"rendered":"<p>Producto en preventa (abierta hasta Lunes 2 de Septiembre o alcanzar el n\u00famero m\u00e1ximo de pedidos)<\/p>\n<p>Fecha de entrega aproximada \u00a029 Septiembre\/2 Octubre<\/p>\n<p>Preventa sujeta a condiciones de venta especiales:<\/p>\n<p><span style=\"color: #ff0000;\">Las devoluciones de los art\u00edculos de esta preventa se abonar\u00e1n exclusivamente mediante vale de compra ( sin caducidad y v\u00e1lido para la compra de cualquier art\u00edculo de web)<\/span><\/p>\n<p>Gabardina c\u00e1mel, corte oversize, amplia capa en cuello. Hombro ca\u00eddo, manga larga.Botonadura simple, bolsillos laterales en costura, cintur\u00f3n. Forro interior rayas c\u00e1mel.<\/p>\n<p>Talla amplia, corte oversize ( si dud\u00e1is entre dos tallas, aconsejamos la menor)<\/p>\n<p>Talla XS(34-36), S (38),M(40),L(42), XL (44)<\/p>\n","protected":false},"featured_media":17312,"comment_status":"open","ping_status":"closed","template":"","meta":{"_themeisle_gutenberg_block_has_review":false},"product_brand":[],"product_cat":[225,210],"product_tag":[],"giftcard-category":[],"class_list":{"0":"post-17304","1":"product","2":"type-product","3":"status-publish","4":"has-post-thumbnail","6":"product_cat-abrigos","7":"product_cat-mum","9":"first","10":"instock","11":"taxable","12":"shipping-taxable","13":"purchasable","14":"product-type-variable"},"_links":{"self":[{"href":"https:\/\/www.pipandco.es\/inicio\/wp-json\/wp\/v2\/product\/17304","targetHints":{"allow":["GET"]}}],"collection":[{"href":"https:\/\/www.pipandco.es\/inicio\/wp-json\/wp\/v2\/product"}],"about":[{"href":"https:\/\/www.pipandco.es\/inicio\/wp-json\/wp\/v2\/types\/product"}],"replies":[{"embeddable":true,"href":"https:\/\/www.pipandco.es\/inicio\/wp-json\/wp\/v2\/comments?post=17304"}],"version-history":[{"count":24,"href":"https:\/\/www.pipandco.es\/inicio\/wp-json\/wp\/v2\/product\/17304\/revisions"}],"predecessor-version":[{"id":40269,"href":"https:\/\/www.pipandco.es\/inicio\/wp-json\/wp\/v2\/product\/17304\/revisions\/40269"}],"wp:featuredmedia":[{"embeddable":true,"href":"https:\/\/www.pipandco.es\/inicio\/wp-json\/wp\/v2\/media\/17312"}],"wp:attachment":[{"href":"https:\/\/www.pipandco.es\/inicio\/wp-json\/wp\/v2\/media?parent=17304"}],"wp:term":[{"taxonomy":"product_brand","embeddable":true,"href":"https:\/\/www.pipandco.es\/inicio\/wp-json\/wp\/v2\/product_brand?post=17304"},{"taxonomy":"product_cat","embeddable":true,"href":"https:\/\/www.pipandco.es\/inicio\/wp-json\/wp\/v2\/product_cat?post=17304"},{"taxonomy":"product_tag","embeddable":true,"href":"https:\/\/www.pipandco.es\/inicio\/wp-json\/wp\/v2\/product_tag?post=17304"},{"taxonomy":"giftcard-category","embeddable":true,"href":"https:\/\/www.pipandco.es\/inicio\/wp-json\/wp\/v2\/giftcard-category?post=17304"}],"curies":[{"name":"wp","href":"https:\/\/api.w.org\/{rel}","templated":true}]}}