{"id":23147,"date":"2024-04-17T15:05:47","date_gmt":"2024-04-17T14:05:47","guid":{"rendered":"https:\/\/www.pipandco.es\/inicio\/?post_type=product&#038;p=23147"},"modified":"2026-04-17T16:29:13","modified_gmt":"2026-04-17T15:29:13","slug":"pantalon-clotilde","status":"publish","type":"product","link":"https:\/\/www.pipandco.es\/inicio\/producto\/pantalon-clotilde","title":{"rendered":"Pantal\u00f3n Clotilde"},"content":{"rendered":"","protected":false},"excerpt":{"rendered":"<p style=\"padding-left: 40px;\">Env\u00edo inmediato (48-72h)<\/p>\n<p><span style=\"color: #ff0000;\">Las devoluciones de los art\u00edculos de outlet se abonar\u00e1n exclusivamente mediante vale de compra.<\/span><\/p>\n<p>Pantal\u00f3n recto color azul medio con rayas verticales en blanco roto. Tiro medio, cintura con \u00a0raya horizontal, bot\u00f3n coco y goma en zona trasera. Bolsillos en costura lateral y greca en bajo en raya horizontal a contraste.<\/p>\n<p>Talla peque\u00f1o, en caso de duda entre dos tallas, aconsejamos la mayor (en fotos talla 36)<\/p>\n<p>Composici\u00f3n: 80% Algod\u00f3n 20% Poli\u00e9ster<\/p>\n<p>Tallas: 34, 36, 38, 40, 42, 44<\/p>\n<p>&nbsp;<\/p>\n<p>&nbsp;<\/p>\n<p>&nbsp;<\/p>\n<p>&nbsp;<\/p>\n","protected":false},"featured_media":23159,"comment_status":"open","ping_status":"closed","template":"","meta":{"_themeisle_gutenberg_block_has_review":false},"product_brand":[],"product_cat":[312,210],"product_tag":[],"giftcard-category":[],"class_list":{"0":"post-23147","1":"product","2":"type-product","3":"status-publish","4":"has-post-thumbnail","6":"product_cat-descuentos-fin-de-serie","7":"product_cat-mum","9":"first","10":"instock","11":"sale","12":"taxable","13":"shipping-taxable","14":"purchasable","15":"product-type-variable"},"_links":{"self":[{"href":"https:\/\/www.pipandco.es\/inicio\/wp-json\/wp\/v2\/product\/23147","targetHints":{"allow":["GET"]}}],"collection":[{"href":"https:\/\/www.pipandco.es\/inicio\/wp-json\/wp\/v2\/product"}],"about":[{"href":"https:\/\/www.pipandco.es\/inicio\/wp-json\/wp\/v2\/types\/product"}],"replies":[{"embeddable":true,"href":"https:\/\/www.pipandco.es\/inicio\/wp-json\/wp\/v2\/comments?post=23147"}],"version-history":[{"count":4,"href":"https:\/\/www.pipandco.es\/inicio\/wp-json\/wp\/v2\/product\/23147\/revisions"}],"predecessor-version":[{"id":23161,"href":"https:\/\/www.pipandco.es\/inicio\/wp-json\/wp\/v2\/product\/23147\/revisions\/23161"}],"wp:featuredmedia":[{"embeddable":true,"href":"https:\/\/www.pipandco.es\/inicio\/wp-json\/wp\/v2\/media\/23159"}],"wp:attachment":[{"href":"https:\/\/www.pipandco.es\/inicio\/wp-json\/wp\/v2\/media?parent=23147"}],"wp:term":[{"taxonomy":"product_brand","embeddable":true,"href":"https:\/\/www.pipandco.es\/inicio\/wp-json\/wp\/v2\/product_brand?post=23147"},{"taxonomy":"product_cat","embeddable":true,"href":"https:\/\/www.pipandco.es\/inicio\/wp-json\/wp\/v2\/product_cat?post=23147"},{"taxonomy":"product_tag","embeddable":true,"href":"https:\/\/www.pipandco.es\/inicio\/wp-json\/wp\/v2\/product_tag?post=23147"},{"taxonomy":"giftcard-category","embeddable":true,"href":"https:\/\/www.pipandco.es\/inicio\/wp-json\/wp\/v2\/giftcard-category?post=23147"}],"curies":[{"name":"wp","href":"https:\/\/api.w.org\/{rel}","templated":true}]}}