{"id":36245,"date":"2025-11-14T07:29:55","date_gmt":"2025-11-14T06:29:55","guid":{"rendered":"https:\/\/www.pipandco.es\/inicio\/?post_type=product&#038;p=36245"},"modified":"2026-03-22T14:07:35","modified_gmt":"2026-03-22T13:07:35","slug":"abrigo-fabiana","status":"publish","type":"product","link":"https:\/\/www.pipandco.es\/inicio\/producto\/abrigo-fabiana","title":{"rendered":"Abrigo Fabiana (preventa envio 15-19 Dic.)"},"content":{"rendered":"","protected":false},"excerpt":{"rendered":"<p><strong>TRAS LA GESTI\u00d3N DE CAMBIOS, LOS ART\u00cdCULOS EN STOCK TIENEN ENV\u00cdO INMEDIATO (48-72H)<\/strong><\/p>\n<p><strong>Producto en preventa<\/strong> (abierta hasta Lunes 17\u00a0 de Noviembre o alcanzar el n\u00famero m\u00e1ximo de pedidos)<\/p>\n<p>Fecha de entrega aproximada\u00a0 2-9 de Diciembre.<\/p>\n<p>Preventa sujeta a condiciones de venta especiales:<\/p>\n<p><span style=\"color: #ff0000;\">Las devoluciones de los art\u00edculos de esta preventa se abonar\u00e1n exclusivamente mediante vale de compra ( sin caducidad y v\u00e1lido para la compra de cualquier art\u00edculo de web)<\/span><\/p>\n<p>Abrigo cl\u00e1sico pa\u00f1o 100% Lana Shetland rayas. Corte recto, bolsillos con tapeta, amplia abertura en espalda. Detalles de cord\u00f3n marr\u00f3n en pu\u00f1o y parte superior tapeta. Abrocha con bot\u00f3n piel avellana.<\/p>\n<p>Forro interior marr\u00f3n<\/p>\n<p>En fotos talla XS( 1,64m, pecho 88cm, cadera 96cm, 56kg)<\/p>\n<p>Composici\u00f3n: 100% Lana Shetland<\/p>\n<p>Forro: 100%Acetato<\/p>\n<p>Talla XS(34-36), S (36-38),M(38-40),L(40-42), XL (42-44)<\/p>\n","protected":false},"featured_media":36254,"comment_status":"open","ping_status":"closed","template":"","meta":{"_themeisle_gutenberg_block_has_review":false},"product_brand":[],"product_cat":[225,313,210],"product_tag":[],"giftcard-category":[],"class_list":{"0":"post-36245","1":"product","2":"type-product","3":"status-publish","4":"has-post-thumbnail","6":"product_cat-abrigos","7":"product_cat-envio-inmediato","8":"product_cat-mum","10":"first","11":"instock","12":"taxable","13":"shipping-taxable","14":"purchasable","15":"product-type-variable"},"_links":{"self":[{"href":"https:\/\/www.pipandco.es\/inicio\/wp-json\/wp\/v2\/product\/36245","targetHints":{"allow":["GET"]}}],"collection":[{"href":"https:\/\/www.pipandco.es\/inicio\/wp-json\/wp\/v2\/product"}],"about":[{"href":"https:\/\/www.pipandco.es\/inicio\/wp-json\/wp\/v2\/types\/product"}],"replies":[{"embeddable":true,"href":"https:\/\/www.pipandco.es\/inicio\/wp-json\/wp\/v2\/comments?post=36245"}],"version-history":[{"count":7,"href":"https:\/\/www.pipandco.es\/inicio\/wp-json\/wp\/v2\/product\/36245\/revisions"}],"predecessor-version":[{"id":42009,"href":"https:\/\/www.pipandco.es\/inicio\/wp-json\/wp\/v2\/product\/36245\/revisions\/42009"}],"wp:featuredmedia":[{"embeddable":true,"href":"https:\/\/www.pipandco.es\/inicio\/wp-json\/wp\/v2\/media\/36254"}],"wp:attachment":[{"href":"https:\/\/www.pipandco.es\/inicio\/wp-json\/wp\/v2\/media?parent=36245"}],"wp:term":[{"taxonomy":"product_brand","embeddable":true,"href":"https:\/\/www.pipandco.es\/inicio\/wp-json\/wp\/v2\/product_brand?post=36245"},{"taxonomy":"product_cat","embeddable":true,"href":"https:\/\/www.pipandco.es\/inicio\/wp-json\/wp\/v2\/product_cat?post=36245"},{"taxonomy":"product_tag","embeddable":true,"href":"https:\/\/www.pipandco.es\/inicio\/wp-json\/wp\/v2\/product_tag?post=36245"},{"taxonomy":"giftcard-category","embeddable":true,"href":"https:\/\/www.pipandco.es\/inicio\/wp-json\/wp\/v2\/giftcard-category?post=36245"}],"curies":[{"name":"wp","href":"https:\/\/api.w.org\/{rel}","templated":true}]}}