{"id":36739,"date":"2025-08-25T21:00:19","date_gmt":"2025-08-25T20:00:19","guid":{"rendered":"https:\/\/www.pipandco.es\/inicio\/?post_type=product&#038;p=36739"},"modified":"2025-09-03T23:06:33","modified_gmt":"2025-09-03T22:06:33","slug":"bandana-panuelo-lupita-camel-preventa-28-enero-copia","status":"publish","type":"product","link":"https:\/\/www.pipandco.es\/inicio\/producto\/bandana-panuelo-lupita-camel-preventa-28-enero-copia","title":{"rendered":"Bandana\/pa\u00f1uelo Lupita C\u00e1mel (prev. 27 Sept\/3 Oct)"},"content":{"rendered":"","protected":false},"excerpt":{"rendered":"<p class=\"p1\" style=\"padding-left: 40px; text-align: center;\"><span style=\"color: #ff0000;\"><span class=\"s1\">PRODUCTO EN PREVENTA\u00a0<\/span><\/span><\/p>\n<p>Producto en preventa, abierta hasta Domingo 2 de Febrero ( se cerrar\u00e1 antes en caso de alcanzar el n\u00famero m\u00e1ximo de pedidos)<\/p>\n<p class=\"p1\"><span class=\"s2\">Fecha de env\u00edo aproximada sujeta a fecha de entrega de gabardinas.<\/span><\/p>\n<p><span style=\"color: #ff0000;\">Este art\u00edculo s\u00f3lo se vende como complemento de las gabardinas , no se puede adquirir por separado.<\/span><\/p>\n<p>Bandana triangular \u00a0reversible sarga c\u00e1mel y cuadros azul, guinda, verde y c\u00e1mel.<\/p>\n<p>Composici\u00f3n: Algod\u00f3n\/Poliester\/Elastano<\/p>\n<p>Forro: Algod\u00f3n\/Poliester<\/p>\n<p>&nbsp;<\/p>\n","protected":false},"featured_media":36740,"comment_status":"open","ping_status":"closed","template":"","meta":{"_themeisle_gutenberg_block_has_review":false},"product_brand":[],"product_cat":[224,210],"product_tag":[],"giftcard-category":[],"class_list":{"0":"post-36739","1":"product","2":"type-product","3":"status-publish","4":"has-post-thumbnail","6":"product_cat-complementos","7":"product_cat-mum","9":"first","10":"outofstock","11":"taxable","12":"shipping-taxable","13":"purchasable","14":"product-type-simple"},"_links":{"self":[{"href":"https:\/\/www.pipandco.es\/inicio\/wp-json\/wp\/v2\/product\/36739","targetHints":{"allow":["GET"]}}],"collection":[{"href":"https:\/\/www.pipandco.es\/inicio\/wp-json\/wp\/v2\/product"}],"about":[{"href":"https:\/\/www.pipandco.es\/inicio\/wp-json\/wp\/v2\/types\/product"}],"replies":[{"embeddable":true,"href":"https:\/\/www.pipandco.es\/inicio\/wp-json\/wp\/v2\/comments?post=36739"}],"version-history":[{"count":5,"href":"https:\/\/www.pipandco.es\/inicio\/wp-json\/wp\/v2\/product\/36739\/revisions"}],"predecessor-version":[{"id":40358,"href":"https:\/\/www.pipandco.es\/inicio\/wp-json\/wp\/v2\/product\/36739\/revisions\/40358"}],"wp:featuredmedia":[{"embeddable":true,"href":"https:\/\/www.pipandco.es\/inicio\/wp-json\/wp\/v2\/media\/36740"}],"wp:attachment":[{"href":"https:\/\/www.pipandco.es\/inicio\/wp-json\/wp\/v2\/media?parent=36739"}],"wp:term":[{"taxonomy":"product_brand","embeddable":true,"href":"https:\/\/www.pipandco.es\/inicio\/wp-json\/wp\/v2\/product_brand?post=36739"},{"taxonomy":"product_cat","embeddable":true,"href":"https:\/\/www.pipandco.es\/inicio\/wp-json\/wp\/v2\/product_cat?post=36739"},{"taxonomy":"product_tag","embeddable":true,"href":"https:\/\/www.pipandco.es\/inicio\/wp-json\/wp\/v2\/product_tag?post=36739"},{"taxonomy":"giftcard-category","embeddable":true,"href":"https:\/\/www.pipandco.es\/inicio\/wp-json\/wp\/v2\/giftcard-category?post=36739"}],"curies":[{"name":"wp","href":"https:\/\/api.w.org\/{rel}","templated":true}]}}