{"id":39513,"date":"2025-06-21T09:33:24","date_gmt":"2025-06-21T08:33:24","guid":{"rendered":"https:\/\/www.pipandco.es\/inicio\/?post_type=product&#038;p=39513"},"modified":"2026-04-28T15:29:57","modified_gmt":"2026-04-28T14:29:57","slug":"vestido-juanita-lino-rosa-viejo-preventa-21-junio-copia-copia","status":"publish","type":"product","link":"https:\/\/www.pipandco.es\/inicio\/producto\/vestido-juanita-lino-rosa-viejo-preventa-21-junio-copia-copia","title":{"rendered":"Vestido Juanita lino turquesa"},"content":{"rendered":"","protected":false},"excerpt":{"rendered":"<p class=\"p1\"><span class=\"s1\"><span style=\"color: #ff0000;\">Env\u00edo inmediato art\u00edculos en stock (48-72h)<\/span><\/span><\/p>\n<p>&nbsp;<\/p>\n<p class=\"p1\"><span class=\"s1\"><span style=\"color: #ff0000;\"><b>Producto en preventa<\/b><\/span> (<\/span><span class=\"s2\">abierta hasta alcanzar volumen m\u00e1ximo de pedidos)<\/span><\/p>\n<p class=\"p1\"><span style=\"color: #ff0000;\">Las devoluciones de los art\u00edculos de esta preventa se abonar\u00e1n mediante vale de compra sin caducidad y v\u00e1lido para cualquier art\u00edculo de web.<\/span><\/p>\n<p>Vestido largo lino turquesa . Escote redondo con abertura delantera. Capacete cuadrado en lino rayas horizontales en delantero y espalda, ribeteado con cord\u00f3n amarillo pastel .Aberturas y bolsillos en costura lateral.<\/p>\n<p>Composici\u00f3n: 55% Algod\u00f3n 45% Lino<\/p>\n<p>Talla normal, aconsejamos talla habitual ( en fotos talla S)<\/p>\n<p>Talla XS ( 34-36), S (38), Talla M (40), Talla L(42), Talla XL (44)<\/p>\n<p>&nbsp;<\/p>\n<p>&nbsp;<\/p>\n<p>&nbsp;<\/p>\n","protected":false},"featured_media":39544,"comment_status":"open","ping_status":"closed","template":"","meta":{"_themeisle_gutenberg_block_has_review":false},"product_brand":[],"product_cat":[313,210,236],"product_tag":[],"giftcard-category":[],"class_list":{"0":"post-39513","1":"product","2":"type-product","3":"status-publish","4":"has-post-thumbnail","6":"product_cat-envio-inmediato","7":"product_cat-mum","8":"product_cat-vestidos","10":"first","11":"instock","12":"taxable","13":"shipping-taxable","14":"purchasable","15":"product-type-variable"},"_links":{"self":[{"href":"https:\/\/www.pipandco.es\/inicio\/wp-json\/wp\/v2\/product\/39513","targetHints":{"allow":["GET"]}}],"collection":[{"href":"https:\/\/www.pipandco.es\/inicio\/wp-json\/wp\/v2\/product"}],"about":[{"href":"https:\/\/www.pipandco.es\/inicio\/wp-json\/wp\/v2\/types\/product"}],"replies":[{"embeddable":true,"href":"https:\/\/www.pipandco.es\/inicio\/wp-json\/wp\/v2\/comments?post=39513"}],"version-history":[{"count":6,"href":"https:\/\/www.pipandco.es\/inicio\/wp-json\/wp\/v2\/product\/39513\/revisions"}],"predecessor-version":[{"id":44057,"href":"https:\/\/www.pipandco.es\/inicio\/wp-json\/wp\/v2\/product\/39513\/revisions\/44057"}],"wp:featuredmedia":[{"embeddable":true,"href":"https:\/\/www.pipandco.es\/inicio\/wp-json\/wp\/v2\/media\/39544"}],"wp:attachment":[{"href":"https:\/\/www.pipandco.es\/inicio\/wp-json\/wp\/v2\/media?parent=39513"}],"wp:term":[{"taxonomy":"product_brand","embeddable":true,"href":"https:\/\/www.pipandco.es\/inicio\/wp-json\/wp\/v2\/product_brand?post=39513"},{"taxonomy":"product_cat","embeddable":true,"href":"https:\/\/www.pipandco.es\/inicio\/wp-json\/wp\/v2\/product_cat?post=39513"},{"taxonomy":"product_tag","embeddable":true,"href":"https:\/\/www.pipandco.es\/inicio\/wp-json\/wp\/v2\/product_tag?post=39513"},{"taxonomy":"giftcard-category","embeddable":true,"href":"https:\/\/www.pipandco.es\/inicio\/wp-json\/wp\/v2\/giftcard-category?post=39513"}],"curies":[{"name":"wp","href":"https:\/\/api.w.org\/{rel}","templated":true}]}}