{"id":40046,"date":"2025-07-26T12:06:55","date_gmt":"2025-07-26T11:06:55","guid":{"rendered":"https:\/\/www.pipandco.es\/inicio\/?post_type=product&#038;p=40046"},"modified":"2026-05-15T12:24:14","modified_gmt":"2026-05-15T11:24:14","slug":"vestido-duna-preventa-26-julio","status":"publish","type":"product","link":"https:\/\/www.pipandco.es\/inicio\/producto\/vestido-duna-preventa-26-julio","title":{"rendered":"Vestido Duna"},"content":{"rendered":"","protected":false},"excerpt":{"rendered":"<p class=\"p1\"><strong><span class=\"s1\">\u00a0Env\u00edo inmediato (48\/72h)<\/span><\/strong><\/p>\n<p>&nbsp;<\/p>\n<p class=\"p1\"><strong><span class=\"s1\">Producto en preventa<\/span><\/strong><span class=\"s2\"> (abierta hasta alcanzar volumen m\u00e1ximo de pedidos)<\/span><\/p>\n<p class=\"p1\"><span class=\"s2\">Preventa sujeta a condiciones de venta especiales<\/span><span class=\"s1\">:<\/span><\/p>\n<p class=\"p1\"><span class=\"s1\" style=\"color: #ff0000;\">Las devoluciones de los art\u00edculos en preventa se abonan mediante vale de compra sin caducidad y v\u00e1lido para cualquier art\u00edculo de web.<\/span><\/p>\n<hr \/>\n<p>Vestido largo blanco roto motivos bordados en tono ocre\/marr\u00f3n \u00a0. Corte ligeramente trapecio, escote pico .Bolsillos en costura lateral. Forro interior blanco roto.<\/p>\n<p>Talla normal, aconsejamos talla habitual, en fotos talla S (holgado; estatura 1,64m , 57kg, contorno cadera 96cm, contorno pecho 88cm). Similar en patr\u00f3n y medidas a los vestidos Claudia y Valentina.<\/p>\n<p>Composici\u00f3n: 100% Viscosa<\/p>\n<p>Disponible en tallas:<\/p>\n<p>XS (34-36), S (36-38), M (38-40), L (40-42), \u00a0XL (42-44)<\/p>\n","protected":false},"featured_media":40057,"comment_status":"open","ping_status":"closed","template":"","meta":{"_themeisle_gutenberg_block_has_review":false},"product_brand":[],"product_cat":[313,210,236],"product_tag":[],"giftcard-category":[],"class_list":{"0":"post-40046","1":"product","2":"type-product","3":"status-publish","4":"has-post-thumbnail","6":"product_cat-envio-inmediato","7":"product_cat-mum","8":"product_cat-vestidos","10":"first","11":"instock","12":"taxable","13":"shipping-taxable","14":"purchasable","15":"product-type-variable"},"_links":{"self":[{"href":"https:\/\/www.pipandco.es\/inicio\/wp-json\/wp\/v2\/product\/40046","targetHints":{"allow":["GET"]}}],"collection":[{"href":"https:\/\/www.pipandco.es\/inicio\/wp-json\/wp\/v2\/product"}],"about":[{"href":"https:\/\/www.pipandco.es\/inicio\/wp-json\/wp\/v2\/types\/product"}],"replies":[{"embeddable":true,"href":"https:\/\/www.pipandco.es\/inicio\/wp-json\/wp\/v2\/comments?post=40046"}],"version-history":[{"count":4,"href":"https:\/\/www.pipandco.es\/inicio\/wp-json\/wp\/v2\/product\/40046\/revisions"}],"predecessor-version":[{"id":44065,"href":"https:\/\/www.pipandco.es\/inicio\/wp-json\/wp\/v2\/product\/40046\/revisions\/44065"}],"wp:featuredmedia":[{"embeddable":true,"href":"https:\/\/www.pipandco.es\/inicio\/wp-json\/wp\/v2\/media\/40057"}],"wp:attachment":[{"href":"https:\/\/www.pipandco.es\/inicio\/wp-json\/wp\/v2\/media?parent=40046"}],"wp:term":[{"taxonomy":"product_brand","embeddable":true,"href":"https:\/\/www.pipandco.es\/inicio\/wp-json\/wp\/v2\/product_brand?post=40046"},{"taxonomy":"product_cat","embeddable":true,"href":"https:\/\/www.pipandco.es\/inicio\/wp-json\/wp\/v2\/product_cat?post=40046"},{"taxonomy":"product_tag","embeddable":true,"href":"https:\/\/www.pipandco.es\/inicio\/wp-json\/wp\/v2\/product_tag?post=40046"},{"taxonomy":"giftcard-category","embeddable":true,"href":"https:\/\/www.pipandco.es\/inicio\/wp-json\/wp\/v2\/giftcard-category?post=40046"}],"curies":[{"name":"wp","href":"https:\/\/api.w.org\/{rel}","templated":true}]}}