{"id":40356,"date":"2025-08-25T15:35:23","date_gmt":"2025-08-25T14:35:23","guid":{"rendered":"https:\/\/www.pipandco.es\/inicio\/?post_type=product&#038;p=40356"},"modified":"2026-03-25T15:16:28","modified_gmt":"2026-03-25T14:16:28","slug":"bandana-panuelo-lupita-beige-prev-27sept-3-oct","status":"publish","type":"product","link":"https:\/\/www.pipandco.es\/inicio\/producto\/bandana-panuelo-lupita-beige-prev-27sept-3-oct","title":{"rendered":"Bandana\/pa\u00f1uelo Lupita Beige (prev. 27Sept\/ 3 Oct.)"},"content":{"rendered":"","protected":false},"excerpt":{"rendered":"<p class=\"p1\" style=\"padding-left: 40px; text-align: center;\"><span style=\"color: #ff0000;\"><span class=\"s1\">PRODUCTO EN PREVENTA\u00a0<\/span><\/span><\/p>\n<p>Producto en preventa, abierta hasta Lunes 2 de Septiembre ( se cerrar\u00e1 antes en caso de alcanzar el n\u00famero m\u00e1ximo de pedidos)<\/p>\n<p class=\"p1\"><span class=\"s2\">Fecha de env\u00edo aproximada sujeta a fecha de entrega gabardinas.<\/span><\/p>\n<p><span style=\"color: #ff0000;\"><strong>Las bandanas s\u00f3lo se vende como complemento de la gabardina.<\/strong><\/span><\/p>\n<p>Bandana triangular \u00a0reversible sarga beige y cuadro escoc\u00e9s blanco, rojo, amarillo,verde<\/p>\n<p>Composici\u00f3n: Algod\u00f3n\/Poliester\/Elastano<\/p>\n<p>Forro: Algod\u00f3n\/Poliester<\/p>\n<p>&nbsp;<\/p>\n","protected":false},"featured_media":40361,"comment_status":"open","ping_status":"closed","template":"","meta":{"_themeisle_gutenberg_block_has_review":false},"product_brand":[],"product_cat":[224,210],"product_tag":[],"giftcard-category":[],"class_list":{"0":"post-40356","1":"product","2":"type-product","3":"status-publish","4":"has-post-thumbnail","6":"product_cat-complementos","7":"product_cat-mum","9":"first","10":"instock","11":"taxable","12":"shipping-taxable","13":"purchasable","14":"product-type-simple"},"_links":{"self":[{"href":"https:\/\/www.pipandco.es\/inicio\/wp-json\/wp\/v2\/product\/40356","targetHints":{"allow":["GET"]}}],"collection":[{"href":"https:\/\/www.pipandco.es\/inicio\/wp-json\/wp\/v2\/product"}],"about":[{"href":"https:\/\/www.pipandco.es\/inicio\/wp-json\/wp\/v2\/types\/product"}],"replies":[{"embeddable":true,"href":"https:\/\/www.pipandco.es\/inicio\/wp-json\/wp\/v2\/comments?post=40356"}],"version-history":[{"count":1,"href":"https:\/\/www.pipandco.es\/inicio\/wp-json\/wp\/v2\/product\/40356\/revisions"}],"predecessor-version":[{"id":40357,"href":"https:\/\/www.pipandco.es\/inicio\/wp-json\/wp\/v2\/product\/40356\/revisions\/40357"}],"wp:featuredmedia":[{"embeddable":true,"href":"https:\/\/www.pipandco.es\/inicio\/wp-json\/wp\/v2\/media\/40361"}],"wp:attachment":[{"href":"https:\/\/www.pipandco.es\/inicio\/wp-json\/wp\/v2\/media?parent=40356"}],"wp:term":[{"taxonomy":"product_brand","embeddable":true,"href":"https:\/\/www.pipandco.es\/inicio\/wp-json\/wp\/v2\/product_brand?post=40356"},{"taxonomy":"product_cat","embeddable":true,"href":"https:\/\/www.pipandco.es\/inicio\/wp-json\/wp\/v2\/product_cat?post=40356"},{"taxonomy":"product_tag","embeddable":true,"href":"https:\/\/www.pipandco.es\/inicio\/wp-json\/wp\/v2\/product_tag?post=40356"},{"taxonomy":"giftcard-category","embeddable":true,"href":"https:\/\/www.pipandco.es\/inicio\/wp-json\/wp\/v2\/giftcard-category?post=40356"}],"curies":[{"name":"wp","href":"https:\/\/api.w.org\/{rel}","templated":true}]}}