{"id":40668,"date":"2025-09-08T03:02:35","date_gmt":"2025-09-08T02:02:35","guid":{"rendered":"https:\/\/www.pipandco.es\/inicio\/?post_type=product&#038;p=40668"},"modified":"2025-10-21T21:49:10","modified_gmt":"2025-10-21T20:49:10","slug":"cuello-pelo-camel-prev-9-14-oct","status":"publish","type":"product","link":"https:\/\/www.pipandco.es\/inicio\/producto\/cuello-pelo-camel-prev-9-14-oct","title":{"rendered":"Cuello pelo c\u00e1mel  (prev. 9-14 Oct.)"},"content":{"rendered":"<blockquote>\n<p style=\"padding-left: 40px;\"><span style=\"color: #ff0000;\">*Cuello y pu\u00f1os s\u00f3lo se venden como complemento de las chaquetas Ofelia y abrigo Tomasa floral.<\/span><\/p>\n<\/blockquote>\n","protected":false},"excerpt":{"rendered":"<p>Plazo de entrega sujeto a preventa chaqueta Ofelia<\/p>\n<p><span style=\"color: #ff0000;\"><strong>Este art\u00edculo s\u00f3lo se vende como complemento de la chaqueta Ofelia\u00a0<\/strong><\/span><\/p>\n<p>Sobrecuello pelo sint\u00e9tico corto tipo mut\u00f3n en color c\u00e1mel. El cuello de pelo se une a la prenda mediante presillas de goma y botones.<\/p>\n<p>Aconsejamos coger misma talla de chaqueta.<\/p>\n<p>Composici\u00f3n: 100% Poli\u00e9ster<\/p>\n<p>&nbsp;<\/p>\n","protected":false},"featured_media":40627,"comment_status":"open","ping_status":"closed","template":"","meta":{"_themeisle_gutenberg_block_has_review":false},"product_brand":[],"product_cat":[224,210],"product_tag":[],"giftcard-category":[],"class_list":{"0":"post-40668","1":"product","2":"type-product","3":"status-publish","4":"has-post-thumbnail","6":"product_cat-complementos","7":"product_cat-mum","9":"first","10":"instock","11":"taxable","12":"shipping-taxable","13":"purchasable","14":"product-type-variable"},"_links":{"self":[{"href":"https:\/\/www.pipandco.es\/inicio\/wp-json\/wp\/v2\/product\/40668","targetHints":{"allow":["GET"]}}],"collection":[{"href":"https:\/\/www.pipandco.es\/inicio\/wp-json\/wp\/v2\/product"}],"about":[{"href":"https:\/\/www.pipandco.es\/inicio\/wp-json\/wp\/v2\/types\/product"}],"replies":[{"embeddable":true,"href":"https:\/\/www.pipandco.es\/inicio\/wp-json\/wp\/v2\/comments?post=40668"}],"version-history":[{"count":2,"href":"https:\/\/www.pipandco.es\/inicio\/wp-json\/wp\/v2\/product\/40668\/revisions"}],"predecessor-version":[{"id":40676,"href":"https:\/\/www.pipandco.es\/inicio\/wp-json\/wp\/v2\/product\/40668\/revisions\/40676"}],"wp:featuredmedia":[{"embeddable":true,"href":"https:\/\/www.pipandco.es\/inicio\/wp-json\/wp\/v2\/media\/40627"}],"wp:attachment":[{"href":"https:\/\/www.pipandco.es\/inicio\/wp-json\/wp\/v2\/media?parent=40668"}],"wp:term":[{"taxonomy":"product_brand","embeddable":true,"href":"https:\/\/www.pipandco.es\/inicio\/wp-json\/wp\/v2\/product_brand?post=40668"},{"taxonomy":"product_cat","embeddable":true,"href":"https:\/\/www.pipandco.es\/inicio\/wp-json\/wp\/v2\/product_cat?post=40668"},{"taxonomy":"product_tag","embeddable":true,"href":"https:\/\/www.pipandco.es\/inicio\/wp-json\/wp\/v2\/product_tag?post=40668"},{"taxonomy":"giftcard-category","embeddable":true,"href":"https:\/\/www.pipandco.es\/inicio\/wp-json\/wp\/v2\/giftcard-category?post=40668"}],"curies":[{"name":"wp","href":"https:\/\/api.w.org\/{rel}","templated":true}]}}