{"id":40877,"date":"2026-03-02T01:04:08","date_gmt":"2026-03-02T00:04:08","guid":{"rendered":"https:\/\/www.pipandco.es\/inicio\/?post_type=product&#038;p=40877"},"modified":"2026-04-13T16:43:08","modified_gmt":"2026-04-13T15:43:08","slug":"chaqueton-petra","status":"publish","type":"product","link":"https:\/\/www.pipandco.es\/inicio\/producto\/chaqueton-petra","title":{"rendered":"Chaquet\u00f3n Petra"},"content":{"rendered":"","protected":false},"excerpt":{"rendered":"<p><span style=\"color: #ff0000;\"><strong>TRAS LA GESTI\u00d3N DE CAMBIOS DE TALLA DE LA PREVENTA, LOS ART\u00cdCULOS EN STOCK TIENEN ENV\u00cdO INMEDIATO (48-72H)<\/strong><\/span><\/p>\n<p>&nbsp;<\/p>\n<p><span style=\"color: #ff0000;\"><strong>Producto en preventa<\/strong><\/span> (abierta hasta alcanzar volumen m\u00e1ximo de pedidos)<\/p>\n<p class=\"p1\"><span class=\"s2\">Fecha de env\u00edo aproximado 7-10 Abril.<\/span><\/p>\n<p>Preventa sujeta a condiciones de venta especiales:<\/p>\n<p><span style=\"color: #ff0000;\">Las devoluciones de los art\u00edculos de esta preventa se abonar\u00e1n exclusivamente mediante vale de compra ( sin caducidad y v\u00e1lido para la compra de cualquier art\u00edculo de web)<\/span><\/p>\n<p>Chaquet\u00f3n cl\u00e1sico reversible sarga c\u00e1mel\/kaki interior en cuadros (ambos tejidos no impermeables ). Corte recto, cuello camisero, delantero con cruce y doble botonadura de coco, hombro encajado y manga recta. Bolsillos con tapeta. Trabilla reversible en cuello que permite mantener el cuello subido tipo cuello chimenea.<\/p>\n<p>No incluye pa\u00f1oleta.<\/p>\n<p>Composici\u00f3n: Algod\u00f3n\/Poli\u00e9ster\/Elastano<\/p>\n<p>Este art\u00edculo talla normal, en caso de duda entre dos tallas, aconsejamos la mayor. Al elegir talla, tened en cuenta el grosor de la prenda que llevar\u00e9is por debajo. En fotos talla XS ( justa; 1.65m, 55kg, contorno de pecho 88cm)<\/p>\n<p>Talla XS(34-36), S (36-38),M(38-40),L(40-42), XL (42-44)<\/p>\n","protected":false},"featured_media":40923,"comment_status":"open","ping_status":"closed","template":"","meta":{"_themeisle_gutenberg_block_has_review":false},"product_brand":[],"product_cat":[225,313,210],"product_tag":[],"giftcard-category":[],"class_list":{"0":"post-40877","1":"product","2":"type-product","3":"status-publish","4":"has-post-thumbnail","6":"product_cat-abrigos","7":"product_cat-envio-inmediato","8":"product_cat-mum","10":"first","11":"instock","12":"taxable","13":"shipping-taxable","14":"purchasable","15":"product-type-variable"},"_links":{"self":[{"href":"https:\/\/www.pipandco.es\/inicio\/wp-json\/wp\/v2\/product\/40877","targetHints":{"allow":["GET"]}}],"collection":[{"href":"https:\/\/www.pipandco.es\/inicio\/wp-json\/wp\/v2\/product"}],"about":[{"href":"https:\/\/www.pipandco.es\/inicio\/wp-json\/wp\/v2\/types\/product"}],"replies":[{"embeddable":true,"href":"https:\/\/www.pipandco.es\/inicio\/wp-json\/wp\/v2\/comments?post=40877"}],"version-history":[{"count":12,"href":"https:\/\/www.pipandco.es\/inicio\/wp-json\/wp\/v2\/product\/40877\/revisions"}],"predecessor-version":[{"id":43677,"href":"https:\/\/www.pipandco.es\/inicio\/wp-json\/wp\/v2\/product\/40877\/revisions\/43677"}],"wp:featuredmedia":[{"embeddable":true,"href":"https:\/\/www.pipandco.es\/inicio\/wp-json\/wp\/v2\/media\/40923"}],"wp:attachment":[{"href":"https:\/\/www.pipandco.es\/inicio\/wp-json\/wp\/v2\/media?parent=40877"}],"wp:term":[{"taxonomy":"product_brand","embeddable":true,"href":"https:\/\/www.pipandco.es\/inicio\/wp-json\/wp\/v2\/product_brand?post=40877"},{"taxonomy":"product_cat","embeddable":true,"href":"https:\/\/www.pipandco.es\/inicio\/wp-json\/wp\/v2\/product_cat?post=40877"},{"taxonomy":"product_tag","embeddable":true,"href":"https:\/\/www.pipandco.es\/inicio\/wp-json\/wp\/v2\/product_tag?post=40877"},{"taxonomy":"giftcard-category","embeddable":true,"href":"https:\/\/www.pipandco.es\/inicio\/wp-json\/wp\/v2\/giftcard-category?post=40877"}],"curies":[{"name":"wp","href":"https:\/\/api.w.org\/{rel}","templated":true}]}}