{"id":41003,"date":"2025-10-01T05:29:29","date_gmt":"2025-10-01T04:29:29","guid":{"rendered":"https:\/\/www.pipandco.es\/inicio\/?post_type=product&#038;p=41003"},"modified":"2026-02-19T11:40:24","modified_gmt":"2026-02-19T10:40:24","slug":"gabardina-juanita-beige-prev-con-envio-27-oct-3-nov","status":"publish","type":"product","link":"https:\/\/www.pipandco.es\/inicio\/producto\/gabardina-juanita-beige-prev-con-envio-27-oct-3-nov","title":{"rendered":"Gabardina Juanita Beige (prev. con env\u00edo  11-17 Marzo)"},"content":{"rendered":"","protected":false},"excerpt":{"rendered":"<p><span style=\"color: #ff0000;\">Producto en preventa abierta hasta alcanzar el n\u00famero m\u00e1ximo de pedidos<\/span><\/p>\n<p>Fecha de env\u00edo aproximada 11-17 Marzo<\/p>\n<p>Preventa sujeta a condiciones de venta especiales:<\/p>\n<p><span style=\"color: #ff0000;\">Las devoluciones de los art\u00edculos de esta preventa se abonar\u00e1n exclusivamente mediante vale de compra ( sin caducidad y v\u00e1lido para la compra de cualquier art\u00edculo de web)<\/span><\/p>\n<p>Gabardina beige, corte recto, cuello camisero . Botonadura doble , bolsillos laterales con tapeta, trabillas en hombros, pu\u00f1os y abertura trasera. Botones de piel. Forro interior.<\/p>\n<p>Composici\u00f3n: Algod\u00f3n\/Poli\u00e9ster\/Elastano Forro: Viscosa\/Acetato.<\/p>\n<p>La sobrecapa se vende por separado.<\/p>\n<p>Talla normal. Aconsejamos talla habitual en nuestros abrigos. En fotos talla S.<\/p>\n<p>Talla XS(34-36), S (36-38),M(38-40),L(40-42), XL (42-44)<\/p>\n","protected":false},"featured_media":29854,"comment_status":"open","ping_status":"closed","template":"","meta":{"_themeisle_gutenberg_block_has_review":false},"product_brand":[],"product_cat":[225,210],"product_tag":[],"giftcard-category":[],"class_list":{"0":"post-41003","1":"product","2":"type-product","3":"status-publish","4":"has-post-thumbnail","6":"product_cat-abrigos","7":"product_cat-mum","9":"first","10":"instock","11":"taxable","12":"shipping-taxable","13":"purchasable","14":"product-type-variable"},"_links":{"self":[{"href":"https:\/\/www.pipandco.es\/inicio\/wp-json\/wp\/v2\/product\/41003","targetHints":{"allow":["GET"]}}],"collection":[{"href":"https:\/\/www.pipandco.es\/inicio\/wp-json\/wp\/v2\/product"}],"about":[{"href":"https:\/\/www.pipandco.es\/inicio\/wp-json\/wp\/v2\/types\/product"}],"replies":[{"embeddable":true,"href":"https:\/\/www.pipandco.es\/inicio\/wp-json\/wp\/v2\/comments?post=41003"}],"version-history":[{"count":4,"href":"https:\/\/www.pipandco.es\/inicio\/wp-json\/wp\/v2\/product\/41003\/revisions"}],"predecessor-version":[{"id":42702,"href":"https:\/\/www.pipandco.es\/inicio\/wp-json\/wp\/v2\/product\/41003\/revisions\/42702"}],"wp:featuredmedia":[{"embeddable":true,"href":"https:\/\/www.pipandco.es\/inicio\/wp-json\/wp\/v2\/media\/29854"}],"wp:attachment":[{"href":"https:\/\/www.pipandco.es\/inicio\/wp-json\/wp\/v2\/media?parent=41003"}],"wp:term":[{"taxonomy":"product_brand","embeddable":true,"href":"https:\/\/www.pipandco.es\/inicio\/wp-json\/wp\/v2\/product_brand?post=41003"},{"taxonomy":"product_cat","embeddable":true,"href":"https:\/\/www.pipandco.es\/inicio\/wp-json\/wp\/v2\/product_cat?post=41003"},{"taxonomy":"product_tag","embeddable":true,"href":"https:\/\/www.pipandco.es\/inicio\/wp-json\/wp\/v2\/product_tag?post=41003"},{"taxonomy":"giftcard-category","embeddable":true,"href":"https:\/\/www.pipandco.es\/inicio\/wp-json\/wp\/v2\/giftcard-category?post=41003"}],"curies":[{"name":"wp","href":"https:\/\/api.w.org\/{rel}","templated":true}]}}