{"id":41032,"date":"2026-01-29T00:10:37","date_gmt":"2026-01-28T23:10:37","guid":{"rendered":"https:\/\/www.pipandco.es\/inicio\/?post_type=product&#038;p=41032"},"modified":"2026-03-31T13:52:00","modified_gmt":"2026-03-31T12:52:00","slug":"gabardina-tomasa-marino-prev-con-envio-27-oct-3-nov","status":"publish","type":"product","link":"https:\/\/www.pipandco.es\/inicio\/producto\/gabardina-tomasa-marino-prev-con-envio-27-oct-3-nov","title":{"rendered":"Gabardina Tomasa Marino (prev. con env\u00edo 11-17 Marzo)"},"content":{"rendered":"","protected":false},"excerpt":{"rendered":"<p>Tras la gesti\u00f3n de cambios de la preventa las unidades en stock tienen env\u00edo inmediato (48-72h) Si est\u00e1s interesada en a\u00f1adir la capucha , al no estar disponible en stock , el env\u00edo se retrasa 48h . La capucha la puedes encontrar en categor\u00eda de complementos.<\/p>\n<p><span style=\"color: #ff0000;\">Producto en preventa abierta hasta alcanzar el n\u00famero m\u00e1ximo de pedidos<\/span><\/p>\n<p>Fecha de env\u00edo aproximada 11-17 de Marzo<\/p>\n<p>Preventa sujeta a condiciones de venta especiales:<\/p>\n<p><span style=\"color: #ff0000;\">Las devoluciones de los art\u00edculos de esta preventa se abonar\u00e1n exclusivamente mediante vale de compra ( sin caducidad y v\u00e1lido para la compra de cualquier art\u00edculo de web)<\/span><\/p>\n<p>Gabardina sarga azul marino . Corte ligeramente trapecio, escote redondo con cuello beb\u00e9. Botonadura simple , bolsillos delanteros con tapeta, pliegue profundo en espada con trabilla y botones. Botones de metal marineros dorados. Forro rayas azul.<\/p>\n<p>La capucha con lazada y bandana se vende por separado y \u00fanicamente como complemento de la gabardina . La ten\u00e9is disponible en la categor\u00eda de complementos.<\/p>\n<p>Composici\u00f3n: Algod\u00f3n\/Poli\u00e9ster\/Elastano<\/p>\n<p>Forro: Viscosa\/Acetato<\/p>\n<p>Talla normal. Aconsejamos talla habitual en nuestros abrigos. En fotos talla XS (1,64m\/55kg\/pecho 88cm\/cadera 96cm)<\/p>\n<p>Talla XS(34-36), S (36-38),M(38-40),L(40-42), XL (42-44)<\/p>\n","protected":false},"featured_media":40369,"comment_status":"open","ping_status":"closed","template":"","meta":{"_themeisle_gutenberg_block_has_review":false},"product_brand":[],"product_cat":[225,313,210],"product_tag":[],"giftcard-category":[],"class_list":{"0":"post-41032","1":"product","2":"type-product","3":"status-publish","4":"has-post-thumbnail","6":"product_cat-abrigos","7":"product_cat-envio-inmediato","8":"product_cat-mum","10":"first","11":"instock","12":"taxable","13":"shipping-taxable","14":"purchasable","15":"product-type-variable"},"_links":{"self":[{"href":"https:\/\/www.pipandco.es\/inicio\/wp-json\/wp\/v2\/product\/41032","targetHints":{"allow":["GET"]}}],"collection":[{"href":"https:\/\/www.pipandco.es\/inicio\/wp-json\/wp\/v2\/product"}],"about":[{"href":"https:\/\/www.pipandco.es\/inicio\/wp-json\/wp\/v2\/types\/product"}],"replies":[{"embeddable":true,"href":"https:\/\/www.pipandco.es\/inicio\/wp-json\/wp\/v2\/comments?post=41032"}],"version-history":[{"count":6,"href":"https:\/\/www.pipandco.es\/inicio\/wp-json\/wp\/v2\/product\/41032\/revisions"}],"predecessor-version":[{"id":43158,"href":"https:\/\/www.pipandco.es\/inicio\/wp-json\/wp\/v2\/product\/41032\/revisions\/43158"}],"wp:featuredmedia":[{"embeddable":true,"href":"https:\/\/www.pipandco.es\/inicio\/wp-json\/wp\/v2\/media\/40369"}],"wp:attachment":[{"href":"https:\/\/www.pipandco.es\/inicio\/wp-json\/wp\/v2\/media?parent=41032"}],"wp:term":[{"taxonomy":"product_brand","embeddable":true,"href":"https:\/\/www.pipandco.es\/inicio\/wp-json\/wp\/v2\/product_brand?post=41032"},{"taxonomy":"product_cat","embeddable":true,"href":"https:\/\/www.pipandco.es\/inicio\/wp-json\/wp\/v2\/product_cat?post=41032"},{"taxonomy":"product_tag","embeddable":true,"href":"https:\/\/www.pipandco.es\/inicio\/wp-json\/wp\/v2\/product_tag?post=41032"},{"taxonomy":"giftcard-category","embeddable":true,"href":"https:\/\/www.pipandco.es\/inicio\/wp-json\/wp\/v2\/giftcard-category?post=41032"}],"curies":[{"name":"wp","href":"https:\/\/api.w.org\/{rel}","templated":true}]}}