{"id":41512,"date":"2025-11-14T17:12:18","date_gmt":"2025-11-14T16:12:18","guid":{"rendered":"https:\/\/www.pipandco.es\/inicio\/?post_type=product&#038;p=41512"},"modified":"2025-12-26T15:15:39","modified_gmt":"2025-12-26T14:15:39","slug":"chaqueta-isadora-rayas-preventa-envio-15-19-dic","status":"publish","type":"product","link":"https:\/\/www.pipandco.es\/inicio\/producto\/chaqueta-isadora-rayas-preventa-envio-15-19-dic","title":{"rendered":"Chaqueta Isadora Rayas (preventa envio 15-19 Dic.)"},"content":{"rendered":"","protected":false},"excerpt":{"rendered":"<p><strong>Producto en preventa<\/strong> (abierta hasta Lunes 17\u00a0 de Noviembre o alcanzar el n\u00famero m\u00e1ximo de pedidos)<\/p>\n<p>Fecha de entrega aproximada\u00a0 15-19 de Diciembre.<\/p>\n<p>Preventa sujeta a condiciones de venta especiales:<\/p>\n<p><span style=\"color: #ff0000;\">Las devoluciones de los art\u00edculos de esta preventa se abonar\u00e1n exclusivamente mediante vale de compra ( sin caducidad y v\u00e1lido para la compra de cualquier art\u00edculo de web)<\/span><\/p>\n<p>*<strong>Si tu altura es superior a 1,68m por favor, ind\u00edcalo al realizar el pedido.<\/strong><\/p>\n<p>Chaqueta corta 100% lana Shetland rayas. Escote redondo , corte recto, abertura delantera que cierra con botones de piel avellana . Hombro encajado, manga con \u00a0frunce en hombro que recoge en pu\u00f1o ancho. Detalles de bies en \u00a0lateral que entallan ligeramente la chaqueta. Forro interior marr\u00f3n.<\/p>\n<p>Talla m\u00e1s bien justa, en caso de duda entre dos tallas, aconsejamos la mayor ( en fotos talla S; 1,64m,56Kg, 88cm de contorno de pecho)<\/p>\n<p>En fotos talla S (justa). Tabla de medidas, \u00faltima foto de producto.<\/p>\n<p>Composici\u00f3n: 100% Lana<\/p>\n<p>Forro: 100% Acetato<\/p>\n<p>Disponible en tallas:<\/p>\n<p>XS (34-36), S (36-38), M (38-40), L (40-42), \u00a0XL (42-44)<\/p>\n","protected":false},"featured_media":41536,"comment_status":"open","ping_status":"closed","template":"","meta":{"_themeisle_gutenberg_block_has_review":false},"product_brand":[],"product_cat":[225,210],"product_tag":[],"giftcard-category":[],"class_list":{"0":"post-41512","1":"product","2":"type-product","3":"status-publish","4":"has-post-thumbnail","6":"product_cat-abrigos","7":"product_cat-mum","9":"first","10":"instock","11":"taxable","12":"shipping-taxable","13":"purchasable","14":"product-type-variable"},"_links":{"self":[{"href":"https:\/\/www.pipandco.es\/inicio\/wp-json\/wp\/v2\/product\/41512","targetHints":{"allow":["GET"]}}],"collection":[{"href":"https:\/\/www.pipandco.es\/inicio\/wp-json\/wp\/v2\/product"}],"about":[{"href":"https:\/\/www.pipandco.es\/inicio\/wp-json\/wp\/v2\/types\/product"}],"replies":[{"embeddable":true,"href":"https:\/\/www.pipandco.es\/inicio\/wp-json\/wp\/v2\/comments?post=41512"}],"version-history":[{"count":3,"href":"https:\/\/www.pipandco.es\/inicio\/wp-json\/wp\/v2\/product\/41512\/revisions"}],"predecessor-version":[{"id":41540,"href":"https:\/\/www.pipandco.es\/inicio\/wp-json\/wp\/v2\/product\/41512\/revisions\/41540"}],"wp:featuredmedia":[{"embeddable":true,"href":"https:\/\/www.pipandco.es\/inicio\/wp-json\/wp\/v2\/media\/41536"}],"wp:attachment":[{"href":"https:\/\/www.pipandco.es\/inicio\/wp-json\/wp\/v2\/media?parent=41512"}],"wp:term":[{"taxonomy":"product_brand","embeddable":true,"href":"https:\/\/www.pipandco.es\/inicio\/wp-json\/wp\/v2\/product_brand?post=41512"},{"taxonomy":"product_cat","embeddable":true,"href":"https:\/\/www.pipandco.es\/inicio\/wp-json\/wp\/v2\/product_cat?post=41512"},{"taxonomy":"product_tag","embeddable":true,"href":"https:\/\/www.pipandco.es\/inicio\/wp-json\/wp\/v2\/product_tag?post=41512"},{"taxonomy":"giftcard-category","embeddable":true,"href":"https:\/\/www.pipandco.es\/inicio\/wp-json\/wp\/v2\/giftcard-category?post=41512"}],"curies":[{"name":"wp","href":"https:\/\/api.w.org\/{rel}","templated":true}]}}