{"id":42173,"date":"2025-12-31T01:47:14","date_gmt":"2025-12-31T00:47:14","guid":{"rendered":"https:\/\/www.pipandco.es\/inicio\/?post_type=product&#038;p=42173"},"modified":"2026-03-02T22:47:02","modified_gmt":"2026-03-02T21:47:02","slug":"chaqueta-clotilde-preventa-envio-29-de-enero-4-febrero","status":"publish","type":"product","link":"https:\/\/www.pipandco.es\/inicio\/producto\/chaqueta-clotilde-preventa-envio-29-de-enero-4-febrero","title":{"rendered":"Chaqueta Clotilde (preventa env\u00edo 29 de Enero\/4 Febrero)"},"content":{"rendered":"","protected":false},"excerpt":{"rendered":"<p><strong><span style=\"color: #ff0000;\">ENV\u00cdO INMEDIATO<\/span><\/strong><\/p>\n<p><span style=\"color: #ff0000;\">Tras la gesti\u00f3n de cambios\/devoluciones de la preventa, las unidades en stock tienen env\u00edo inmediato (48- 72 h)<\/span><\/p>\n<p>Chaqueta corta lana cuadros en tonos marr\u00f3n, c\u00e1mel y turquesa. Corte recto, cuello beb\u00e9, hombro encajado, volante fruncido en delantero bajo y pu\u00f1os, tapeta en bolsillos, botones cuero marr\u00f3n oscuro.<\/p>\n<p>Composici\u00f3n :\u00a0100% Lana<\/p>\n<p>Forro: 100% Acetato<\/p>\n<p>Esta prenda talla normal. En fotos talla S (1.64m, 55Kg, 88cm contorno de pecho).<\/p>\n<p>Talla XS(34-36) aconsejada par contorno aprox.de 85-88cm , talla S (36-38) aconsejada para contorno aprox.90cm, talla M(38-40) aconsejada para contorno aprox. 95cm, talla L(40-42) aconsejada para contorno aprox.100 cm, talla XL (42-44) para contorno aprox. 105cm.<\/p>\n<p>&nbsp;<\/p>\n","protected":false},"featured_media":42226,"comment_status":"open","ping_status":"closed","template":"","meta":{"_themeisle_gutenberg_block_has_review":false},"product_brand":[],"product_cat":[225,313],"product_tag":[],"giftcard-category":[],"class_list":{"0":"post-42173","1":"product","2":"type-product","3":"status-publish","4":"has-post-thumbnail","6":"product_cat-abrigos","7":"product_cat-envio-inmediato","9":"first","10":"instock","11":"taxable","12":"shipping-taxable","13":"purchasable","14":"product-type-variable"},"_links":{"self":[{"href":"https:\/\/www.pipandco.es\/inicio\/wp-json\/wp\/v2\/product\/42173","targetHints":{"allow":["GET"]}}],"collection":[{"href":"https:\/\/www.pipandco.es\/inicio\/wp-json\/wp\/v2\/product"}],"about":[{"href":"https:\/\/www.pipandco.es\/inicio\/wp-json\/wp\/v2\/types\/product"}],"replies":[{"embeddable":true,"href":"https:\/\/www.pipandco.es\/inicio\/wp-json\/wp\/v2\/comments?post=42173"}],"version-history":[{"count":3,"href":"https:\/\/www.pipandco.es\/inicio\/wp-json\/wp\/v2\/product\/42173\/revisions"}],"predecessor-version":[{"id":42759,"href":"https:\/\/www.pipandco.es\/inicio\/wp-json\/wp\/v2\/product\/42173\/revisions\/42759"}],"wp:featuredmedia":[{"embeddable":true,"href":"https:\/\/www.pipandco.es\/inicio\/wp-json\/wp\/v2\/media\/42226"}],"wp:attachment":[{"href":"https:\/\/www.pipandco.es\/inicio\/wp-json\/wp\/v2\/media?parent=42173"}],"wp:term":[{"taxonomy":"product_brand","embeddable":true,"href":"https:\/\/www.pipandco.es\/inicio\/wp-json\/wp\/v2\/product_brand?post=42173"},{"taxonomy":"product_cat","embeddable":true,"href":"https:\/\/www.pipandco.es\/inicio\/wp-json\/wp\/v2\/product_cat?post=42173"},{"taxonomy":"product_tag","embeddable":true,"href":"https:\/\/www.pipandco.es\/inicio\/wp-json\/wp\/v2\/product_tag?post=42173"},{"taxonomy":"giftcard-category","embeddable":true,"href":"https:\/\/www.pipandco.es\/inicio\/wp-json\/wp\/v2\/giftcard-category?post=42173"}],"curies":[{"name":"wp","href":"https:\/\/api.w.org\/{rel}","templated":true}]}}