{"id":42467,"date":"2026-01-29T00:11:40","date_gmt":"2026-01-28T23:11:40","guid":{"rendered":"https:\/\/www.pipandco.es\/inicio\/?post_type=product&#038;p=42467"},"modified":"2026-03-26T12:35:45","modified_gmt":"2026-03-26T11:35:45","slug":"gabardina-tomasa-beige-prev-con-envio-27-febrero-5-marzo","status":"publish","type":"product","link":"https:\/\/www.pipandco.es\/inicio\/producto\/gabardina-tomasa-beige-prev-con-envio-27-febrero-5-marzo","title":{"rendered":"Gabardina Tomasa beige"},"content":{"rendered":"","protected":false},"excerpt":{"rendered":"<p><span style=\"color: #ff0000;\">Tras la gesti\u00f3n de cambios los art\u00edculos en stock tienen env\u00edo inmediato 48-72h.<\/span><\/p>\n<p><span style=\"color: #ff0000;\">Producto en preventa abierta hasta alcanzar el n\u00famero m\u00e1ximo de pedidos<\/span><\/p>\n<p>Fecha de env\u00edo aproximada\u00a0 11-17 de Marzo<\/p>\n<p>Preventa sujeta a condiciones de venta especiales:<\/p>\n<p><span style=\"color: #ff0000;\">Las devoluciones de los art\u00edculos de esta preventa se abonar\u00e1n exclusivamente mediante vale de compra ( sin caducidad y v\u00e1lido para la compra de cualquier art\u00edculo de web)<\/span><\/p>\n<p>Gabardina sarga beige . Corte ligeramente trapecio, escote redondo con cuello beb\u00e9. Botonadura simple , bolsillos delanteros con tapeta, pliegue profundo en espada con trabilla y botones. Botones de metal marineros dorados. Forro rayas arena.<\/p>\n<p>La capucha con lazada y capa se vende por separado y \u00fanicamente como complemento de la gabardina . La ten\u00e9is disponible en la categor\u00eda de complementos.<\/p>\n<p>Composici\u00f3n: Algod\u00f3n\/Poli\u00e9ster\/Elastano<\/p>\n<p>Forro: Viscosa\/Acetato<\/p>\n<p>Talla normal. Aconsejamos talla habitual en nuestros abrigos. En fotos talla XS (1,64m\/55kg\/pecho 88cm\/cadera 96cm)<\/p>\n<p>Talla XS(34-36), S (36-38),M(38-40),L(40-42), XL (42-44)<\/p>\n","protected":false},"featured_media":42531,"comment_status":"open","ping_status":"closed","template":"","meta":{"_themeisle_gutenberg_block_has_review":false},"product_brand":[],"product_cat":[225,313,210],"product_tag":[],"giftcard-category":[],"class_list":{"0":"post-42467","1":"product","2":"type-product","3":"status-publish","4":"has-post-thumbnail","6":"product_cat-abrigos","7":"product_cat-envio-inmediato","8":"product_cat-mum","10":"first","11":"instock","12":"taxable","13":"shipping-taxable","14":"purchasable","15":"product-type-variable"},"_links":{"self":[{"href":"https:\/\/www.pipandco.es\/inicio\/wp-json\/wp\/v2\/product\/42467","targetHints":{"allow":["GET"]}}],"collection":[{"href":"https:\/\/www.pipandco.es\/inicio\/wp-json\/wp\/v2\/product"}],"about":[{"href":"https:\/\/www.pipandco.es\/inicio\/wp-json\/wp\/v2\/types\/product"}],"replies":[{"embeddable":true,"href":"https:\/\/www.pipandco.es\/inicio\/wp-json\/wp\/v2\/comments?post=42467"}],"version-history":[{"count":6,"href":"https:\/\/www.pipandco.es\/inicio\/wp-json\/wp\/v2\/product\/42467\/revisions"}],"predecessor-version":[{"id":43421,"href":"https:\/\/www.pipandco.es\/inicio\/wp-json\/wp\/v2\/product\/42467\/revisions\/43421"}],"wp:featuredmedia":[{"embeddable":true,"href":"https:\/\/www.pipandco.es\/inicio\/wp-json\/wp\/v2\/media\/42531"}],"wp:attachment":[{"href":"https:\/\/www.pipandco.es\/inicio\/wp-json\/wp\/v2\/media?parent=42467"}],"wp:term":[{"taxonomy":"product_brand","embeddable":true,"href":"https:\/\/www.pipandco.es\/inicio\/wp-json\/wp\/v2\/product_brand?post=42467"},{"taxonomy":"product_cat","embeddable":true,"href":"https:\/\/www.pipandco.es\/inicio\/wp-json\/wp\/v2\/product_cat?post=42467"},{"taxonomy":"product_tag","embeddable":true,"href":"https:\/\/www.pipandco.es\/inicio\/wp-json\/wp\/v2\/product_tag?post=42467"},{"taxonomy":"giftcard-category","embeddable":true,"href":"https:\/\/www.pipandco.es\/inicio\/wp-json\/wp\/v2\/giftcard-category?post=42467"}],"curies":[{"name":"wp","href":"https:\/\/api.w.org\/{rel}","templated":true}]}}