{"id":42875,"date":"2026-02-27T22:37:15","date_gmt":"2026-02-27T21:37:15","guid":{"rendered":"https:\/\/www.pipandco.es\/inicio\/?post_type=product&#038;p=42875"},"modified":"2026-03-04T12:58:42","modified_gmt":"2026-03-04T11:58:42","slug":"chaqueta-alondra-preventa-con-envio-27-marzo-3-abril-copia","status":"publish","type":"product","link":"https:\/\/www.pipandco.es\/inicio\/producto\/chaqueta-alondra-preventa-con-envio-27-marzo-3-abril-copia","title":{"rendered":"Chaqueta Alondra (preventa con env\u00edo 27 Marzo\/3 Abril)"},"content":{"rendered":"","protected":false},"excerpt":{"rendered":"<p><span style=\"color: #ff0000;\">Producto en preventa abierta hasta alcanzar el n\u00famero m\u00e1ximo de pedidos.<\/span><\/p>\n<p>Fecha de env\u00edo aproximada \u00a027 de Marzo\/ 3 de Abril.<\/p>\n<p>Preventa sujeta a condiciones de venta especiales:<\/p>\n<p><span style=\"color: #ff0000;\">Las devoluciones de los art\u00edculos de esta preventa se abonar\u00e1n exclusivamente mediante vale de compra ( sin caducidad y v\u00e1lido para la compra de cualquier art\u00edculo de web)<\/span><\/p>\n<p>Chaqueta corta tejido jacquard marr\u00f3n con motivos de \u00a0hojas \u00a0en tonos rosados , p\u00farpura y co\u00f1ac(tejido tipo t\u00e1piz)\u00a0 . Corte recto, escote redondo , hombro encajado, botones met\u00e1licos color bronce. Bolsillos de ojal. Forro interior marr\u00f3n .<\/p>\n<p>Composici\u00f3n : 70%Poli\u00e9ster 30% Algod\u00f3n<\/p>\n<p>Forro interior 100% acetato<\/p>\n<p>Esta prenda talla normal, aconsejamos talla habitual en nuestras prendas exteriores. En fotos talla XS (1.64m, 55Kg, 88cm contorno de pecho)<\/p>\n<p>Talla XS(34-36) aconsejada par contorno aprox.de 85-88cm , talla S (36-38) aconsejada para contorno aprox.90cm, talla M(38-40) aconsejada para contorno aprox. 95cm, talla L(40-42) aconsejada para contorno aprox.100 cm, talla XL (42-44) para contorno aprox. 105cm.<\/p>\n<p>&nbsp;<\/p>\n","protected":false},"featured_media":42889,"comment_status":"open","ping_status":"closed","template":"","meta":{"_themeisle_gutenberg_block_has_review":false},"product_brand":[],"product_cat":[225],"product_tag":[],"giftcard-category":[],"class_list":{"0":"post-42875","1":"product","2":"type-product","3":"status-publish","4":"has-post-thumbnail","6":"product_cat-abrigos","8":"first","9":"instock","10":"taxable","11":"shipping-taxable","12":"purchasable","13":"product-type-variable"},"_links":{"self":[{"href":"https:\/\/www.pipandco.es\/inicio\/wp-json\/wp\/v2\/product\/42875","targetHints":{"allow":["GET"]}}],"collection":[{"href":"https:\/\/www.pipandco.es\/inicio\/wp-json\/wp\/v2\/product"}],"about":[{"href":"https:\/\/www.pipandco.es\/inicio\/wp-json\/wp\/v2\/types\/product"}],"replies":[{"embeddable":true,"href":"https:\/\/www.pipandco.es\/inicio\/wp-json\/wp\/v2\/comments?post=42875"}],"version-history":[{"count":3,"href":"https:\/\/www.pipandco.es\/inicio\/wp-json\/wp\/v2\/product\/42875\/revisions"}],"predecessor-version":[{"id":42892,"href":"https:\/\/www.pipandco.es\/inicio\/wp-json\/wp\/v2\/product\/42875\/revisions\/42892"}],"wp:featuredmedia":[{"embeddable":true,"href":"https:\/\/www.pipandco.es\/inicio\/wp-json\/wp\/v2\/media\/42889"}],"wp:attachment":[{"href":"https:\/\/www.pipandco.es\/inicio\/wp-json\/wp\/v2\/media?parent=42875"}],"wp:term":[{"taxonomy":"product_brand","embeddable":true,"href":"https:\/\/www.pipandco.es\/inicio\/wp-json\/wp\/v2\/product_brand?post=42875"},{"taxonomy":"product_cat","embeddable":true,"href":"https:\/\/www.pipandco.es\/inicio\/wp-json\/wp\/v2\/product_cat?post=42875"},{"taxonomy":"product_tag","embeddable":true,"href":"https:\/\/www.pipandco.es\/inicio\/wp-json\/wp\/v2\/product_tag?post=42875"},{"taxonomy":"giftcard-category","embeddable":true,"href":"https:\/\/www.pipandco.es\/inicio\/wp-json\/wp\/v2\/giftcard-category?post=42875"}],"curies":[{"name":"wp","href":"https:\/\/api.w.org\/{rel}","templated":true}]}}