{"id":42950,"date":"2026-02-27T02:19:02","date_gmt":"2026-02-27T01:19:02","guid":{"rendered":"https:\/\/www.pipandco.es\/inicio\/?post_type=product&#038;p=42950"},"modified":"2026-04-19T17:10:07","modified_gmt":"2026-04-19T16:10:07","slug":"chaqueta-federica-preventa-con-envio-27-de-marzo-3-de-abril","status":"publish","type":"product","link":"https:\/\/www.pipandco.es\/inicio\/producto\/chaqueta-federica-preventa-con-envio-27-de-marzo-3-de-abril","title":{"rendered":"Chaqueta Federica"},"content":{"rendered":"","protected":false},"excerpt":{"rendered":"<p><span style=\"color: #ff0000;\">Tras la gesti\u00f3n de cambios de talla de la preventa, los art\u00edculos en stock tienen env\u00edo inmediato (48-72h)<\/span><\/p>\n<p><span style=\"color: #ff0000;\">Producto en preventa abierta hasta alcanzar el n\u00famero m\u00e1ximo de pedidos<\/span><\/p>\n<p>Preventa sujeta a condiciones de venta especiales:<\/p>\n<p><span style=\"color: #ff0000;\">Las devoluciones de los art\u00edculos de esta preventa se abonar\u00e1n exclusivamente mediante vale de compra ( sin caducidad y v\u00e1lido para la compra de cualquier art\u00edculo de web)<\/span><\/p>\n<p>Chaqueta corta tejido jacquard motivos florales (tejido tipo t\u00e1piz)\u00a0 . Corte recto, cuello redondo , hombro encajado, corchetes interiores para abrochar prenda. Bolsillos de ojal. Forro interior azul.<\/p>\n<p>Composici\u00f3n : 70%Poli\u00e9ster 30% Algod\u00f3n<\/p>\n<p>Forro interior 100% acetato<\/p>\n<p>Esta prenda talla normal, aconsejamos talla habitual en nuestras prendas exteriores. En fotos talla XS (1.64m, 55Kg, 88cm contorno de pecho)<\/p>\n<p>Talla XS(34-36) aconsejada par contorno aprox.de 85-88cm , talla S (36-38) aconsejada para contorno aprox.90cm, talla M(38-40) aconsejada para contorno aprox. 95cm, talla L(40-42) aconsejada para contorno aprox.100 cm, talla XL (42-44) para contorno aprox. 105cm.<\/p>\n<p>&nbsp;<\/p>\n","protected":false},"featured_media":40642,"comment_status":"open","ping_status":"closed","template":"","meta":{"_themeisle_gutenberg_block_has_review":false},"product_brand":[],"product_cat":[225,313,210],"product_tag":[],"giftcard-category":[],"class_list":{"0":"post-42950","1":"product","2":"type-product","3":"status-publish","4":"has-post-thumbnail","6":"product_cat-abrigos","7":"product_cat-envio-inmediato","8":"product_cat-mum","10":"first","11":"instock","12":"taxable","13":"shipping-taxable","14":"purchasable","15":"product-type-variable"},"_links":{"self":[{"href":"https:\/\/www.pipandco.es\/inicio\/wp-json\/wp\/v2\/product\/42950","targetHints":{"allow":["GET"]}}],"collection":[{"href":"https:\/\/www.pipandco.es\/inicio\/wp-json\/wp\/v2\/product"}],"about":[{"href":"https:\/\/www.pipandco.es\/inicio\/wp-json\/wp\/v2\/types\/product"}],"replies":[{"embeddable":true,"href":"https:\/\/www.pipandco.es\/inicio\/wp-json\/wp\/v2\/comments?post=42950"}],"version-history":[{"count":3,"href":"https:\/\/www.pipandco.es\/inicio\/wp-json\/wp\/v2\/product\/42950\/revisions"}],"predecessor-version":[{"id":43359,"href":"https:\/\/www.pipandco.es\/inicio\/wp-json\/wp\/v2\/product\/42950\/revisions\/43359"}],"wp:featuredmedia":[{"embeddable":true,"href":"https:\/\/www.pipandco.es\/inicio\/wp-json\/wp\/v2\/media\/40642"}],"wp:attachment":[{"href":"https:\/\/www.pipandco.es\/inicio\/wp-json\/wp\/v2\/media?parent=42950"}],"wp:term":[{"taxonomy":"product_brand","embeddable":true,"href":"https:\/\/www.pipandco.es\/inicio\/wp-json\/wp\/v2\/product_brand?post=42950"},{"taxonomy":"product_cat","embeddable":true,"href":"https:\/\/www.pipandco.es\/inicio\/wp-json\/wp\/v2\/product_cat?post=42950"},{"taxonomy":"product_tag","embeddable":true,"href":"https:\/\/www.pipandco.es\/inicio\/wp-json\/wp\/v2\/product_tag?post=42950"},{"taxonomy":"giftcard-category","embeddable":true,"href":"https:\/\/www.pipandco.es\/inicio\/wp-json\/wp\/v2\/giftcard-category?post=42950"}],"curies":[{"name":"wp","href":"https:\/\/api.w.org\/{rel}","templated":true}]}}