{"id":43115,"date":"2026-03-11T14:22:25","date_gmt":"2026-03-11T13:22:25","guid":{"rendered":"https:\/\/www.pipandco.es\/inicio\/?post_type=product&#038;p=43115"},"modified":"2026-04-23T09:48:10","modified_gmt":"2026-04-23T08:48:10","slug":"abrigo-conchita-preventa-con-envio-9-abril-15-de-abril","status":"publish","type":"product","link":"https:\/\/www.pipandco.es\/inicio\/producto\/abrigo-conchita-preventa-con-envio-9-abril-15-de-abril","title":{"rendered":"Abrigo Conchita ( preventa con env\u00edo 9 Abril \/ 15 de Abril)"},"content":{"rendered":"","protected":false},"excerpt":{"rendered":"<p><span style=\"color: #ff0000;\">Producto en preventa abierta hasta alcanzar el n\u00famero m\u00e1ximo de pedidos<\/span><\/p>\n<p>Fecha de env\u00edo aproximada\u00a0 9- 15 de Abril<\/p>\n<p>Preventa sujeta a condiciones de venta especiales:<\/p>\n<p><span style=\"color: #ff0000;\">Las devoluciones de los art\u00edculos de esta preventa se abonar\u00e1n exclusivamente mediante vale de compra ( sin caducidad y v\u00e1lido para la compra de cualquier art\u00edculo de web)<\/span><\/p>\n<p>Abrigo corto tejido punto tipo tricot 100% algod\u00f3n.Corte ligeramente trapecio, escote redondo, detalle en delantero de piezas ribeteadas en cord\u00f3n a tono y bot\u00f3n dorado decorativo ( abrocha con corchetes invisibles).Pliegue profundo en espada con trabilla y botones dorados. Bolsillos en costura lateral .Forro interior rayas c\u00e1mel.<\/p>\n<p>Composici\u00f3n: 100%Algod\u00f3n<\/p>\n<p>Forro: Viscosa\/Acetato<\/p>\n<p>Talla normal pero tiene un patr\u00f3n entallado con manga ajustada.Aconsejamos talla habitual en nuestros abrigos. En fotos talla S (1,64m\/56 kg\/pecho 88cm\/cadera 96 cm)<\/p>\n<p>Talla XS(34-36) aconsejada par contorno aprox.de 85-88cm , talla S (36-38) aconsejada para contorno aprox.90cm, talla M(38-40) aconsejada para contorno aprox. 95cm, talla L(40-42) aconsejada para contorno aprox.100 cm, talla XL (42-44) para contorno aprox. 105cm.<\/p>\n<p>&nbsp;<\/p>\n","protected":false},"featured_media":43134,"comment_status":"open","ping_status":"closed","template":"","meta":{"_themeisle_gutenberg_block_has_review":false},"product_brand":[],"product_cat":[225,210],"product_tag":[],"giftcard-category":[],"class_list":{"0":"post-43115","1":"product","2":"type-product","3":"status-publish","4":"has-post-thumbnail","6":"product_cat-abrigos","7":"product_cat-mum","9":"first","10":"instock","11":"taxable","12":"shipping-taxable","13":"purchasable","14":"product-type-variable"},"_links":{"self":[{"href":"https:\/\/www.pipandco.es\/inicio\/wp-json\/wp\/v2\/product\/43115","targetHints":{"allow":["GET"]}}],"collection":[{"href":"https:\/\/www.pipandco.es\/inicio\/wp-json\/wp\/v2\/product"}],"about":[{"href":"https:\/\/www.pipandco.es\/inicio\/wp-json\/wp\/v2\/types\/product"}],"replies":[{"embeddable":true,"href":"https:\/\/www.pipandco.es\/inicio\/wp-json\/wp\/v2\/comments?post=43115"}],"version-history":[{"count":4,"href":"https:\/\/www.pipandco.es\/inicio\/wp-json\/wp\/v2\/product\/43115\/revisions"}],"predecessor-version":[{"id":43144,"href":"https:\/\/www.pipandco.es\/inicio\/wp-json\/wp\/v2\/product\/43115\/revisions\/43144"}],"wp:featuredmedia":[{"embeddable":true,"href":"https:\/\/www.pipandco.es\/inicio\/wp-json\/wp\/v2\/media\/43134"}],"wp:attachment":[{"href":"https:\/\/www.pipandco.es\/inicio\/wp-json\/wp\/v2\/media?parent=43115"}],"wp:term":[{"taxonomy":"product_brand","embeddable":true,"href":"https:\/\/www.pipandco.es\/inicio\/wp-json\/wp\/v2\/product_brand?post=43115"},{"taxonomy":"product_cat","embeddable":true,"href":"https:\/\/www.pipandco.es\/inicio\/wp-json\/wp\/v2\/product_cat?post=43115"},{"taxonomy":"product_tag","embeddable":true,"href":"https:\/\/www.pipandco.es\/inicio\/wp-json\/wp\/v2\/product_tag?post=43115"},{"taxonomy":"giftcard-category","embeddable":true,"href":"https:\/\/www.pipandco.es\/inicio\/wp-json\/wp\/v2\/giftcard-category?post=43115"}],"curies":[{"name":"wp","href":"https:\/\/api.w.org\/{rel}","templated":true}]}}