{"id":43753,"date":"2026-04-10T00:46:24","date_gmt":"2026-04-09T23:46:24","guid":{"rendered":"https:\/\/www.pipandco.es\/inicio\/?post_type=product&#038;p=43753"},"modified":"2026-04-14T20:45:09","modified_gmt":"2026-04-14T19:45:09","slug":"chaqueta-conchita-lino-marino-preventa-con-envio-13-18-de-mayo","status":"publish","type":"product","link":"https:\/\/www.pipandco.es\/inicio\/producto\/chaqueta-conchita-lino-marino-preventa-con-envio-13-18-de-mayo","title":{"rendered":"Chaqueta Conchita Lino Marino( preventa con env\u00edo 13-18 de Mayo)"},"content":{"rendered":"","protected":false},"excerpt":{"rendered":"<p style=\"text-align: left;\"><span style=\"color: #ff0000;\">Producto en preventa abierta hasta alcanzar el n\u00famero m\u00e1ximo de pedidos<\/span><\/p>\n<p>Fecha de env\u00edo aproximada 13-18 de Mayo<\/p>\n<p>Preventa sujeta a condiciones de venta especiales:<\/p>\n<p><span style=\"color: #ff0000;\">Las devoluciones de los art\u00edculos de esta preventa se abonar\u00e1n exclusivamente mediante vale de compra ( sin caducidad y v\u00e1lido para la compra de cualquier art\u00edculo de web)<\/span><\/p>\n<p>Chaqueta corta confeccionada en lino marino .Corte ligeramente trapecio, escote redondo, detalle en delantero de piezas ribeteadas en cord\u00f3n avellana y bot\u00f3n dorado decorativo ( abrocha con corchetes invisibles).Hombrera fina.Forro interior rayas azul.<\/p>\n<p>Composici\u00f3n: 100% Lino<\/p>\n<p>Forro: Viscosa\/Acetato<\/p>\n<p>Talla normal pero tiene un patr\u00f3n entallado con manga ajustada.Aconsejamos talla habitual en nuestros abrigos. En fotos talla S (1,64m\/56 kg\/pecho 88cm\/cadera 96 cm)<\/p>\n<p>Talla XS(34-36) aconsejada par contorno aprox.de 85-88cm , talla S (36-38) aconsejada para contorno aprox.90cm, talla M(38-40) aconsejada para contorno aprox. 95cm, talla L(40-42) aconsejada para contorno aprox.100 cm, talla XL (42-44) para contorno aprox. 105cm.<\/p>\n<p>&nbsp;<\/p>\n","protected":false},"featured_media":43763,"comment_status":"open","ping_status":"closed","template":"","meta":{"_themeisle_gutenberg_block_has_review":false},"product_brand":[],"product_cat":[225,210],"product_tag":[],"giftcard-category":[],"class_list":{"0":"post-43753","1":"product","2":"type-product","3":"status-publish","4":"has-post-thumbnail","6":"product_cat-abrigos","7":"product_cat-mum","9":"first","10":"instock","11":"taxable","12":"shipping-taxable","13":"purchasable","14":"product-type-variable"},"_links":{"self":[{"href":"https:\/\/www.pipandco.es\/inicio\/wp-json\/wp\/v2\/product\/43753","targetHints":{"allow":["GET"]}}],"collection":[{"href":"https:\/\/www.pipandco.es\/inicio\/wp-json\/wp\/v2\/product"}],"about":[{"href":"https:\/\/www.pipandco.es\/inicio\/wp-json\/wp\/v2\/types\/product"}],"replies":[{"embeddable":true,"href":"https:\/\/www.pipandco.es\/inicio\/wp-json\/wp\/v2\/comments?post=43753"}],"version-history":[{"count":5,"href":"https:\/\/www.pipandco.es\/inicio\/wp-json\/wp\/v2\/product\/43753\/revisions"}],"predecessor-version":[{"id":43781,"href":"https:\/\/www.pipandco.es\/inicio\/wp-json\/wp\/v2\/product\/43753\/revisions\/43781"}],"wp:featuredmedia":[{"embeddable":true,"href":"https:\/\/www.pipandco.es\/inicio\/wp-json\/wp\/v2\/media\/43763"}],"wp:attachment":[{"href":"https:\/\/www.pipandco.es\/inicio\/wp-json\/wp\/v2\/media?parent=43753"}],"wp:term":[{"taxonomy":"product_brand","embeddable":true,"href":"https:\/\/www.pipandco.es\/inicio\/wp-json\/wp\/v2\/product_brand?post=43753"},{"taxonomy":"product_cat","embeddable":true,"href":"https:\/\/www.pipandco.es\/inicio\/wp-json\/wp\/v2\/product_cat?post=43753"},{"taxonomy":"product_tag","embeddable":true,"href":"https:\/\/www.pipandco.es\/inicio\/wp-json\/wp\/v2\/product_tag?post=43753"},{"taxonomy":"giftcard-category","embeddable":true,"href":"https:\/\/www.pipandco.es\/inicio\/wp-json\/wp\/v2\/giftcard-category?post=43753"}],"curies":[{"name":"wp","href":"https:\/\/api.w.org\/{rel}","templated":true}]}}