{"id":44117,"date":"2026-05-01T22:24:28","date_gmt":"2026-05-01T21:24:28","guid":{"rendered":"https:\/\/www.pipandco.es\/inicio\/?post_type=product&#038;p=44117"},"modified":"2026-05-13T10:40:03","modified_gmt":"2026-05-13T09:40:03","slug":"top-hilaria-preventa-con-envio-29-mayo-4-junio","status":"publish","type":"product","link":"https:\/\/www.pipandco.es\/inicio\/producto\/top-hilaria-preventa-con-envio-29-mayo-4-junio","title":{"rendered":"Top Hilaria ( preventa con env\u00edo 29 Mayo-4 Junio)"},"content":{"rendered":"","protected":false},"excerpt":{"rendered":"<p class=\"p1\"><strong><span class=\"s1\">\u00a0Producto en preventa<\/span><\/strong><span class=\"s2\"> (abierta hasta alcanzar volumen m\u00e1ximo de pedidos)<\/span><\/p>\n<p class=\"p1\"><span class=\"s2\">Fecha de env\u00edo aproximada 29 mayo &#8211; 4 junio<\/span><\/p>\n<p class=\"p1\"><span class=\"s2\">Preventa sujeta a condiciones de venta especiales<\/span><span class=\"s1\">:<\/span><\/p>\n<p class=\"p1\"><span class=\"s1\" style=\"color: #ff0000;\">Las devoluciones de los art\u00edculos en preventa se abonan mediante vale de compra sin caducidad y v\u00e1lido para cualquier art\u00edculo de web.<\/span><\/p>\n<hr \/>\n<p>Top blanco natural con detalles bordados en tonos rosa y azul\u00f3n. Cuello redondo, corte ligeramente trapecio, peque\u00f1a abertura en espalda que abrocha con presilla y bot\u00f3n madera. Est\u00e1 prenda va forrada.<\/p>\n<p>Esta blusa talla normal, aconsejamos talla habitual en blusas sin manga, en caso de duda entre dos tallas, aconsejamos la menor ( en fotos talla XS, 55Kg, contorno de pecho 88cm, 1,64m)<\/p>\n<p>Composici\u00f3n: 100% Algod\u00f3n<\/p>\n<p>Disponible en tallas:<\/p>\n<p>XS (34-36), S (36-38), M (38-40), L (40-42), \u00a0XL (42-44)<\/p>\n<p>Talla XS aconsejada para contorno de 85cm, talla S contorno 90cm, talla M contorno 95cm, talla L contorno de 100cm y talla XL contorno de 105.<\/p>\n<p>&nbsp;<\/p>\n","protected":false},"featured_media":44127,"comment_status":"open","ping_status":"closed","template":"","meta":{"_themeisle_gutenberg_block_has_review":false},"product_brand":[],"product_cat":[211,247,210],"product_tag":[],"giftcard-category":[],"class_list":{"0":"post-44117","1":"product","2":"type-product","3":"status-publish","4":"has-post-thumbnail","6":"product_cat-blusas-y-camisas","7":"product_cat-camisetas","8":"product_cat-mum","10":"first","11":"instock","12":"taxable","13":"shipping-taxable","14":"purchasable","15":"product-type-variable"},"_links":{"self":[{"href":"https:\/\/www.pipandco.es\/inicio\/wp-json\/wp\/v2\/product\/44117","targetHints":{"allow":["GET"]}}],"collection":[{"href":"https:\/\/www.pipandco.es\/inicio\/wp-json\/wp\/v2\/product"}],"about":[{"href":"https:\/\/www.pipandco.es\/inicio\/wp-json\/wp\/v2\/types\/product"}],"replies":[{"embeddable":true,"href":"https:\/\/www.pipandco.es\/inicio\/wp-json\/wp\/v2\/comments?post=44117"}],"version-history":[{"count":4,"href":"https:\/\/www.pipandco.es\/inicio\/wp-json\/wp\/v2\/product\/44117\/revisions"}],"predecessor-version":[{"id":44129,"href":"https:\/\/www.pipandco.es\/inicio\/wp-json\/wp\/v2\/product\/44117\/revisions\/44129"}],"wp:featuredmedia":[{"embeddable":true,"href":"https:\/\/www.pipandco.es\/inicio\/wp-json\/wp\/v2\/media\/44127"}],"wp:attachment":[{"href":"https:\/\/www.pipandco.es\/inicio\/wp-json\/wp\/v2\/media?parent=44117"}],"wp:term":[{"taxonomy":"product_brand","embeddable":true,"href":"https:\/\/www.pipandco.es\/inicio\/wp-json\/wp\/v2\/product_brand?post=44117"},{"taxonomy":"product_cat","embeddable":true,"href":"https:\/\/www.pipandco.es\/inicio\/wp-json\/wp\/v2\/product_cat?post=44117"},{"taxonomy":"product_tag","embeddable":true,"href":"https:\/\/www.pipandco.es\/inicio\/wp-json\/wp\/v2\/product_tag?post=44117"},{"taxonomy":"giftcard-category","embeddable":true,"href":"https:\/\/www.pipandco.es\/inicio\/wp-json\/wp\/v2\/giftcard-category?post=44117"}],"curies":[{"name":"wp","href":"https:\/\/api.w.org\/{rel}","templated":true}]}}