{"id":44277,"date":"2026-05-02T01:29:53","date_gmt":"2026-05-02T00:29:53","guid":{"rendered":"https:\/\/www.pipandco.es\/inicio\/?post_type=product&#038;p=44277"},"modified":"2026-05-13T10:12:16","modified_gmt":"2026-05-13T09:12:16","slug":"sudadera-iria-roja-preventa-con-envio-29-mayo-4-junio","status":"publish","type":"product","link":"https:\/\/www.pipandco.es\/inicio\/producto\/sudadera-iria-roja-preventa-con-envio-29-mayo-4-junio","title":{"rendered":"Sudadera Iria roja (preventa con env\u00edo 29 Mayo-4 Junio)"},"content":{"rendered":"","protected":false},"excerpt":{"rendered":"<p><strong><span class=\"s1\">Producto en preventa<\/span><\/strong><span class=\"s2\"> (abierta hasta alcanzar volumen m\u00e1ximo de pedidos)<\/span><\/p>\n<p class=\"p1\"><span class=\"s2\">Fecha de env\u00edo aproximada 29 mayo &#8211; 4 junio<\/span><\/p>\n<p class=\"p1\"><span class=\"s2\">Preventa sujeta a condiciones de venta especiales<\/span><span class=\"s1\">:<\/span><\/p>\n<p class=\"p1\"><span class=\"s1\" style=\"color: #ff0000;\">Las devoluciones de los art\u00edculos en preventa se abonan mediante vale de compra sin caducidad y v\u00e1lido para cualquier art\u00edculo de web.<\/span><\/p>\n<hr \/>\n<p>Sudadera entretiempo punto tipo tricot raya roja y beige. Escote ligeramente barco, corte oversize, hombro ca\u00eddo, manga ajustada .<\/p>\n<p>Talla amplia por corte oversize. En caso de duda entre dos tallas, aconsejamos la menor (en fotos talla XS)<\/p>\n<p>Composici\u00f3n: 50% Algod\u00f3n 50% Poli\u00e9ster<\/p>\n<p>Disponible en tallas:<\/p>\n<p>XS (34-36), S (36-38), M (40), L (42), \u00a0XL (44-46)<\/p>\n","protected":false},"featured_media":44287,"comment_status":"open","ping_status":"closed","template":"","meta":{"_themeisle_gutenberg_block_has_review":false},"product_brand":[],"product_cat":[210,246],"product_tag":[],"giftcard-category":[],"class_list":{"0":"post-44277","1":"product","2":"type-product","3":"status-publish","4":"has-post-thumbnail","6":"product_cat-mum","7":"product_cat-punto-y-sudaderas","9":"first","10":"instock","11":"taxable","12":"shipping-taxable","13":"purchasable","14":"product-type-variable"},"_links":{"self":[{"href":"https:\/\/www.pipandco.es\/inicio\/wp-json\/wp\/v2\/product\/44277","targetHints":{"allow":["GET"]}}],"collection":[{"href":"https:\/\/www.pipandco.es\/inicio\/wp-json\/wp\/v2\/product"}],"about":[{"href":"https:\/\/www.pipandco.es\/inicio\/wp-json\/wp\/v2\/types\/product"}],"replies":[{"embeddable":true,"href":"https:\/\/www.pipandco.es\/inicio\/wp-json\/wp\/v2\/comments?post=44277"}],"version-history":[{"count":3,"href":"https:\/\/www.pipandco.es\/inicio\/wp-json\/wp\/v2\/product\/44277\/revisions"}],"predecessor-version":[{"id":44289,"href":"https:\/\/www.pipandco.es\/inicio\/wp-json\/wp\/v2\/product\/44277\/revisions\/44289"}],"wp:featuredmedia":[{"embeddable":true,"href":"https:\/\/www.pipandco.es\/inicio\/wp-json\/wp\/v2\/media\/44287"}],"wp:attachment":[{"href":"https:\/\/www.pipandco.es\/inicio\/wp-json\/wp\/v2\/media?parent=44277"}],"wp:term":[{"taxonomy":"product_brand","embeddable":true,"href":"https:\/\/www.pipandco.es\/inicio\/wp-json\/wp\/v2\/product_brand?post=44277"},{"taxonomy":"product_cat","embeddable":true,"href":"https:\/\/www.pipandco.es\/inicio\/wp-json\/wp\/v2\/product_cat?post=44277"},{"taxonomy":"product_tag","embeddable":true,"href":"https:\/\/www.pipandco.es\/inicio\/wp-json\/wp\/v2\/product_tag?post=44277"},{"taxonomy":"giftcard-category","embeddable":true,"href":"https:\/\/www.pipandco.es\/inicio\/wp-json\/wp\/v2\/giftcard-category?post=44277"}],"curies":[{"name":"wp","href":"https:\/\/api.w.org\/{rel}","templated":true}]}}